{"id":79,"date":"2025-03-25T19:04:41","date_gmt":"2025-03-25T18:04:41","guid":{"rendered":"http:\/\/diegowery.be\/?page_id=79"},"modified":"2026-01-12T16:21:10","modified_gmt":"2026-01-12T15:21:10","slug":"contact-2","status":"publish","type":"page","link":"https:\/\/diegowery.be\/index.php\/contact-2\/","title":{"rendered":"Contact"},"content":{"rendered":"\n<div style=\"height:54px\" aria-hidden=\"true\" class=\"wp-block-spacer\"><\/div>\n\n\n\n<div class=\"wp-block-columns is-layout-flex wp-container-core-columns-is-layout-28f84493 wp-block-columns-is-layout-flex\">\n<div class=\"wp-block-column is-layout-flow wp-block-column-is-layout-flow\" style=\"flex-basis:100%\">\n<div class=\"wp-block-group has-global-padding is-layout-constrained wp-block-group-is-layout-constrained\">\n<p>Je suis Diego Wery, n\u00e9 en 1993 \u00e0 Bruxelles. J\u2019ai \u00e9tudi\u00e9 \u00e0 La Cambre \u00e0 Bruxelles dans l\u2019atelier de peinture, o\u00f9 j\u2019ai obtenu un master en 2017. Je travaille et je vis actuellement \u00e0 Bruxelles.<\/p>\n<\/div>\n\n\n\n<details class=\"wp-block-details is-layout-flow wp-block-details-is-layout-flow\"><summary>Lire la suite<\/summary>\n<p>Depuis mes \u00e9tudes, je poursuis une recherche sur l\u2019installation picturale dans l\u2019espace, avec des dispositifs qui jonglent entre sculptures et peintures. J\u2019assemble et je relie, l\u2019Histoire de l\u2019humanit\u00e9, l\u2019histoire de l\u2019art et souvent l\u2019actualit\u00e9 au travers mes exp\u00e9riences et mes rencontres. Je fabrique des images alliant l\u2019intime et commun. Lors de la r\u00e9sidence \u2018\u2018Le Carrefour des Arts\u2019\u2019 en 2020, j\u2019ai entam\u00e9 deux recherches, l\u2019une sur \u00ab<a href=\"https:\/\/diegowery.be\/index.php\/les-images-masculines\/\" data-type=\"page\" data-id=\"428\"> Les images viriles<\/a>\u00bb, l\u2019autre sur \u00ab <a href=\"https:\/\/diegowery.be\/index.php\/le-couple-ou-son-double\/\" data-type=\"page\" data-id=\"454\">Le bin\u00f4me ou son double<\/a> \u00bb.<br>Mes peintures sont des portes ouvrant vers un monde virtuel. Je confronte les personnages peints au r\u00e9el et vice-versa, le spectateur au virtuels. Mes tableaux, figuratifs et narratifs, nous renvoient \u00e0 notre r\u00e9alit\u00e9 du moment pr\u00e9sent. La posture et le regard de ces personnages les rendent vuln\u00e9rables, semblent nous adresser une question et permettent d\u2019interroger notre capacit\u00e9 \u00e0 faire \u2018\u2018action\u2019\u2019.<br>Aujourd\u2019hui, \u00e0 travers ces personnages inextricables, je raconte de nouvelles all\u00e9gories contemporaines, teint\u00e9 d\u2019ironie et parfois grotesque de nos soci\u00e9t\u00e9s n\u00e9o-lib\u00e9rales, ultra individualistes et performatives.<\/p>\n<\/details>\n<\/div>\n<\/div>\n\n\n\n<div style=\"height:55px\" aria-hidden=\"true\" class=\"wp-block-spacer\"><\/div>\n\n\n\n<div class=\"wp-block-columns is-layout-flex wp-container-core-columns-is-layout-28f84493 wp-block-columns-is-layout-flex\">\n<div class=\"wp-block-column is-vertically-aligned-top is-layout-flow wp-block-column-is-layout-flow\">\n<div style=\"height:82px\" aria-hidden=\"true\" class=\"wp-block-spacer\"><\/div>\n\n\n\n<pre class=\"wp-block-verse has-text-align-right\"> E-mail :<br>werydiego(a)gmail.com<br><br>T\u00e9l\u00e9phone:<br>bel: +32 496 06 51 01<br><\/pre>\n<\/div>\n\n\n\n<div class=\"wp-block-column is-layout-flow wp-block-column-is-layout-flow\">\n<figure class=\"wp-block-image size-large\"><img loading=\"lazy\" decoding=\"async\" width=\"448\" height=\"1024\" src=\"https:\/\/diegowery.be\/wp-content\/uploads\/2025\/03\/Ado-conc-scaled-e1743013191884-448x1024.jpg\" alt=\"\" class=\"wp-image-7\" srcset=\"https:\/\/diegowery.be\/wp-content\/uploads\/2025\/03\/Ado-conc-scaled-e1743013191884-448x1024.jpg 448w, https:\/\/diegowery.be\/wp-content\/uploads\/2025\/03\/Ado-conc-scaled-e1743013191884-131x300.jpg 131w, https:\/\/diegowery.be\/wp-content\/uploads\/2025\/03\/Ado-conc-scaled-e1743013191884-768x1756.jpg 768w, https:\/\/diegowery.be\/wp-content\/uploads\/2025\/03\/Ado-conc-scaled-e1743013191884-672x1536.jpg 672w, https:\/\/diegowery.be\/wp-content\/uploads\/2025\/03\/Ado-conc-scaled-e1743013191884-896x2048.jpg 896w, https:\/\/diegowery.be\/wp-content\/uploads\/2025\/03\/Ado-conc-scaled-e1743013191884.jpg 1054w\" sizes=\"auto, (max-width: 448px) 100vw, 448px\" \/><\/figure>\n<\/div>\n<\/div>\n\n\n\n<div style=\"height:54px\" aria-hidden=\"true\" class=\"wp-block-spacer\"><\/div>\n\n\n\n<div class=\"wp-block-group has-global-padding is-layout-constrained wp-block-group-is-layout-constrained\">\n<p>CV 2025<\/p>\n\n\n\n<div class=\"wp-block-pdf-viewer-block-standard\" style=\"text-align:center\"><div class=\"uploaded-pdf\"><a href=\"https:\/\/diegowery.be\/wp-content\/uploads\/2025\/11\/CV_DIEGOWERY.pdf\" data-width=\"\" data-height=\"1080\"><\/a><\/div><\/div>\n<\/div>\n\n\n\n<div class=\"wp-block-group has-global-padding is-layout-constrained wp-block-group-is-layout-constrained\">\n<p>Article: Le point Contemporain, juin 2022<\/p>\n\n\n\n<div class=\"wp-block-pdf-viewer-block-standard\" style=\"text-align:center\"><div class=\"uploaded-pdf\"><a href=\"https:\/\/diegowery.be\/wp-content\/uploads\/2025\/11\/POINTCONTEMPORAIN_25_01062022-4-6-DIEGO-WERY.pdf\" data-width=\"\" data-height=\"\"><\/a><\/div><\/div>\n<\/div>\n","protected":false},"excerpt":{"rendered":"<p>Je suis Diego Wery, n\u00e9 en 1993 \u00e0 Bruxelles. J\u2019ai \u00e9tudi\u00e9 \u00e0 La Cambre \u00e0 Bruxelles dans l\u2019atelier de peinture, o\u00f9 j\u2019ai obtenu un master en 2017. Je travaille et je vis actuellement \u00e0 Bruxelles. E-mail :werydiego(a)gmail.comT\u00e9l\u00e9phone:bel: +32 496 06 51 01 CV 2025 Article: Le point Contemporain, juin 2022<\/p>\n","protected":false},"author":1,"featured_media":0,"parent":0,"menu_order":0,"comment_status":"closed","ping_status":"closed","template":"page-no-title","meta":{"footnotes":""},"class_list":["post-79","page","type-page","status-publish","hentry"],"yoast_head":"<!-- This site is optimized with the Yoast SEO plugin v27.1.1 - https:\/\/yoast.com\/product\/yoast-seo-wordpress\/ -->\n<title>Contact - Diego Wery<\/title>\n<meta name=\"robots\" content=\"index, follow, max-snippet:-1, max-image-preview:large, max-video-preview:-1\" \/>\n<link rel=\"canonical\" href=\"https:\/\/diegowery.be\/index.php\/contact-2\/\" \/>\n<meta property=\"og:locale\" content=\"fr_FR\" \/>\n<meta property=\"og:type\" content=\"article\" \/>\n<meta property=\"og:title\" content=\"Contact - Diego Wery\" \/>\n<meta property=\"og:description\" content=\"Je suis Diego Wery, n\u00e9 en 1993 \u00e0 Bruxelles. J\u2019ai \u00e9tudi\u00e9 \u00e0 La Cambre \u00e0 Bruxelles dans l\u2019atelier de peinture, o\u00f9 j\u2019ai obtenu un master en 2017. Je travaille et je vis actuellement \u00e0 Bruxelles. E-mail :werydiego(a)gmail.comT\u00e9l\u00e9phone:bel: +32 496 06 51 01 CV 2025 Article: Le point Contemporain, juin 2022\" \/>\n<meta property=\"og:url\" content=\"https:\/\/diegowery.be\/index.php\/contact-2\/\" \/>\n<meta property=\"og:site_name\" content=\"Diego Wery\" \/>\n<meta property=\"article:modified_time\" content=\"2026-01-12T15:21:10+00:00\" \/>\n<meta property=\"og:image\" content=\"https:\/\/diegowery.be\/wp-content\/uploads\/2025\/03\/Ado-conc-scaled-e1743013191884.jpg\" \/>\n\t<meta property=\"og:image:width\" content=\"1054\" \/>\n\t<meta property=\"og:image:height\" content=\"2410\" \/>\n\t<meta property=\"og:image:type\" content=\"image\/jpeg\" \/>\n<meta name=\"twitter:card\" content=\"summary_large_image\" \/>\n<meta name=\"twitter:label1\" content=\"Dur\u00e9e de lecture estim\u00e9e\" \/>\n\t<meta name=\"twitter:data1\" content=\"1 minute\" \/>\n<script type=\"application\/ld+json\" class=\"yoast-schema-graph\">{\"@context\":\"https:\/\/schema.org\",\"@graph\":[{\"@type\":\"WebPage\",\"@id\":\"https:\/\/diegowery.be\/index.php\/contact-2\/\",\"url\":\"https:\/\/diegowery.be\/index.php\/contact-2\/\",\"name\":\"Contact - Diego Wery\",\"isPartOf\":{\"@id\":\"https:\/\/diegowery.be\/#website\"},\"primaryImageOfPage\":{\"@id\":\"https:\/\/diegowery.be\/index.php\/contact-2\/#primaryimage\"},\"image\":{\"@id\":\"https:\/\/diegowery.be\/index.php\/contact-2\/#primaryimage\"},\"thumbnailUrl\":\"https:\/\/diegowery.be\/wp-content\/uploads\/2025\/03\/Ado-conc-scaled-e1743013191884-448x1024.jpg\",\"datePublished\":\"2025-03-25T18:04:41+00:00\",\"dateModified\":\"2026-01-12T15:21:10+00:00\",\"breadcrumb\":{\"@id\":\"https:\/\/diegowery.be\/index.php\/contact-2\/#breadcrumb\"},\"inLanguage\":\"fr-FR\",\"potentialAction\":[{\"@type\":\"ReadAction\",\"target\":[\"https:\/\/diegowery.be\/index.php\/contact-2\/\"]}]},{\"@type\":\"ImageObject\",\"inLanguage\":\"fr-FR\",\"@id\":\"https:\/\/diegowery.be\/index.php\/contact-2\/#primaryimage\",\"url\":\"https:\/\/diegowery.be\/wp-content\/uploads\/2025\/03\/Ado-conc-scaled-e1743013191884.jpg\",\"contentUrl\":\"https:\/\/diegowery.be\/wp-content\/uploads\/2025\/03\/Ado-conc-scaled-e1743013191884.jpg\",\"width\":1054,\"height\":2410},{\"@type\":\"BreadcrumbList\",\"@id\":\"https:\/\/diegowery.be\/index.php\/contact-2\/#breadcrumb\",\"itemListElement\":[{\"@type\":\"ListItem\",\"position\":1,\"name\":\"Accueil\",\"item\":\"https:\/\/diegowery.be\/\"},{\"@type\":\"ListItem\",\"position\":2,\"name\":\"Contact\"}]},{\"@type\":\"WebSite\",\"@id\":\"https:\/\/diegowery.be\/#website\",\"url\":\"https:\/\/diegowery.be\/\",\"name\":\"Diego Wery\",\"description\":\"Diego Wery, artiste plasticien\",\"publisher\":{\"@id\":\"https:\/\/diegowery.be\/#\/schema\/person\/d3dddb528a96b75f22e27bb91675245d\"},\"potentialAction\":[{\"@type\":\"SearchAction\",\"target\":{\"@type\":\"EntryPoint\",\"urlTemplate\":\"https:\/\/diegowery.be\/?s={search_term_string}\"},\"query-input\":{\"@type\":\"PropertyValueSpecification\",\"valueRequired\":true,\"valueName\":\"search_term_string\"}}],\"inLanguage\":\"fr-FR\"},{\"@type\":[\"Person\",\"Organization\"],\"@id\":\"https:\/\/diegowery.be\/#\/schema\/person\/d3dddb528a96b75f22e27bb91675245d\",\"name\":\"diego\",\"image\":{\"@type\":\"ImageObject\",\"inLanguage\":\"fr-FR\",\"@id\":\"https:\/\/diegowery.be\/#\/schema\/person\/image\/\",\"url\":\"https:\/\/diegowery.be\/wp-content\/uploads\/2025\/03\/Ado-conc-edited-1.jpg\",\"contentUrl\":\"https:\/\/diegowery.be\/wp-content\/uploads\/2025\/03\/Ado-conc-edited-1.jpg\",\"width\":665,\"height\":916,\"caption\":\"diego\"},\"logo\":{\"@id\":\"https:\/\/diegowery.be\/#\/schema\/person\/image\/\"},\"sameAs\":[\"http:\/\/diegowery.be\"]}]}<\/script>\n<!-- \/ Yoast SEO plugin. -->","yoast_head_json":{"title":"Contact - Diego Wery","robots":{"index":"index","follow":"follow","max-snippet":"max-snippet:-1","max-image-preview":"max-image-preview:large","max-video-preview":"max-video-preview:-1"},"canonical":"https:\/\/diegowery.be\/index.php\/contact-2\/","og_locale":"fr_FR","og_type":"article","og_title":"Contact - Diego Wery","og_description":"Je suis Diego Wery, n\u00e9 en 1993 \u00e0 Bruxelles. J\u2019ai \u00e9tudi\u00e9 \u00e0 La Cambre \u00e0 Bruxelles dans l\u2019atelier de peinture, o\u00f9 j\u2019ai obtenu un master en 2017. Je travaille et je vis actuellement \u00e0 Bruxelles. E-mail :werydiego(a)gmail.comT\u00e9l\u00e9phone:bel: +32 496 06 51 01 CV 2025 Article: Le point Contemporain, juin 2022","og_url":"https:\/\/diegowery.be\/index.php\/contact-2\/","og_site_name":"Diego Wery","article_modified_time":"2026-01-12T15:21:10+00:00","og_image":[{"width":1054,"height":2410,"url":"https:\/\/diegowery.be\/wp-content\/uploads\/2025\/03\/Ado-conc-scaled-e1743013191884.jpg","type":"image\/jpeg"}],"twitter_card":"summary_large_image","twitter_misc":{"Dur\u00e9e de lecture estim\u00e9e":"1 minute"},"schema":{"@context":"https:\/\/schema.org","@graph":[{"@type":"WebPage","@id":"https:\/\/diegowery.be\/index.php\/contact-2\/","url":"https:\/\/diegowery.be\/index.php\/contact-2\/","name":"Contact - Diego Wery","isPartOf":{"@id":"https:\/\/diegowery.be\/#website"},"primaryImageOfPage":{"@id":"https:\/\/diegowery.be\/index.php\/contact-2\/#primaryimage"},"image":{"@id":"https:\/\/diegowery.be\/index.php\/contact-2\/#primaryimage"},"thumbnailUrl":"https:\/\/diegowery.be\/wp-content\/uploads\/2025\/03\/Ado-conc-scaled-e1743013191884-448x1024.jpg","datePublished":"2025-03-25T18:04:41+00:00","dateModified":"2026-01-12T15:21:10+00:00","breadcrumb":{"@id":"https:\/\/diegowery.be\/index.php\/contact-2\/#breadcrumb"},"inLanguage":"fr-FR","potentialAction":[{"@type":"ReadAction","target":["https:\/\/diegowery.be\/index.php\/contact-2\/"]}]},{"@type":"ImageObject","inLanguage":"fr-FR","@id":"https:\/\/diegowery.be\/index.php\/contact-2\/#primaryimage","url":"https:\/\/diegowery.be\/wp-content\/uploads\/2025\/03\/Ado-conc-scaled-e1743013191884.jpg","contentUrl":"https:\/\/diegowery.be\/wp-content\/uploads\/2025\/03\/Ado-conc-scaled-e1743013191884.jpg","width":1054,"height":2410},{"@type":"BreadcrumbList","@id":"https:\/\/diegowery.be\/index.php\/contact-2\/#breadcrumb","itemListElement":[{"@type":"ListItem","position":1,"name":"Accueil","item":"https:\/\/diegowery.be\/"},{"@type":"ListItem","position":2,"name":"Contact"}]},{"@type":"WebSite","@id":"https:\/\/diegowery.be\/#website","url":"https:\/\/diegowery.be\/","name":"Diego Wery","description":"Diego Wery, artiste plasticien","publisher":{"@id":"https:\/\/diegowery.be\/#\/schema\/person\/d3dddb528a96b75f22e27bb91675245d"},"potentialAction":[{"@type":"SearchAction","target":{"@type":"EntryPoint","urlTemplate":"https:\/\/diegowery.be\/?s={search_term_string}"},"query-input":{"@type":"PropertyValueSpecification","valueRequired":true,"valueName":"search_term_string"}}],"inLanguage":"fr-FR"},{"@type":["Person","Organization"],"@id":"https:\/\/diegowery.be\/#\/schema\/person\/d3dddb528a96b75f22e27bb91675245d","name":"diego","image":{"@type":"ImageObject","inLanguage":"fr-FR","@id":"https:\/\/diegowery.be\/#\/schema\/person\/image\/","url":"https:\/\/diegowery.be\/wp-content\/uploads\/2025\/03\/Ado-conc-edited-1.jpg","contentUrl":"https:\/\/diegowery.be\/wp-content\/uploads\/2025\/03\/Ado-conc-edited-1.jpg","width":665,"height":916,"caption":"diego"},"logo":{"@id":"https:\/\/diegowery.be\/#\/schema\/person\/image\/"},"sameAs":["http:\/\/diegowery.be"]}]}},"_links":{"self":[{"href":"https:\/\/diegowery.be\/index.php\/wp-json\/wp\/v2\/pages\/79","targetHints":{"allow":["GET"]}}],"collection":[{"href":"https:\/\/diegowery.be\/index.php\/wp-json\/wp\/v2\/pages"}],"about":[{"href":"https:\/\/diegowery.be\/index.php\/wp-json\/wp\/v2\/types\/page"}],"author":[{"embeddable":true,"href":"https:\/\/diegowery.be\/index.php\/wp-json\/wp\/v2\/users\/1"}],"replies":[{"embeddable":true,"href":"https:\/\/diegowery.be\/index.php\/wp-json\/wp\/v2\/comments?post=79"}],"version-history":[{"count":39,"href":"https:\/\/diegowery.be\/index.php\/wp-json\/wp\/v2\/pages\/79\/revisions"}],"predecessor-version":[{"id":647,"href":"https:\/\/diegowery.be\/index.php\/wp-json\/wp\/v2\/pages\/79\/revisions\/647"}],"wp:attachment":[{"href":"https:\/\/diegowery.be\/index.php\/wp-json\/wp\/v2\/media?parent=79"}],"curies":[{"name":"wp","href":"https:\/\/api.w.org\/{rel}","templated":true}]}}