{"id":489,"date":"2025-05-19T19:16:51","date_gmt":"2025-05-19T17:16:51","guid":{"rendered":"https:\/\/diegowery.be\/?page_id=489"},"modified":"2025-05-19T20:03:52","modified_gmt":"2025-05-19T18:03:52","slug":"foetus-adulte","status":"publish","type":"page","link":"https:\/\/diegowery.be\/index.php\/foetus-adulte\/","title":{"rendered":"F\u0152TUS ADULTE"},"content":{"rendered":"\n<div class=\"wp-block-columns is-layout-flex wp-container-core-columns-is-layout-28f84493 wp-block-columns-is-layout-flex\">\n<div class=\"wp-block-column is-layout-flow wp-block-column-is-layout-flow\" style=\"flex-basis:66.66%\">\n<div style=\"height:25px\" aria-hidden=\"true\" class=\"wp-block-spacer\"><\/div>\n<\/div>\n\n\n\n<div class=\"wp-block-column is-layout-flow wp-block-column-is-layout-flow\" style=\"flex-basis:33.33%\">\n<div class=\"wp-block-buttons is-content-justification-right is-layout-flex wp-container-core-buttons-is-layout-d445cf74 wp-block-buttons-is-layout-flex\">\n<div class=\"wp-block-button has-custom-width wp-block-button__width-100 is-style-outline is-style-outline--1\"><a class=\"wp-block-button__link has-small-font-size has-text-align-center has-custom-font-size wp-element-button\" href=\"https:\/\/diegowery.be\/index.php\/construire-une-ruine\/\">Projet suivant<\/a><\/div>\n<\/div>\n<\/div>\n<\/div>\n\n\n\n<p>Projet de fin d&rsquo;\u00e9tude, Bruxelles<\/p>\n\n\n\n<p> 2017<\/p>\n\n\n\n<div style=\"height:46px\" aria-hidden=\"true\" class=\"wp-block-spacer\"><\/div>\n\n\n\n<div class=\"wp-block-columns is-layout-flex wp-container-core-columns-is-layout-28f84493 wp-block-columns-is-layout-flex\">\n<div class=\"wp-block-column is-layout-flow wp-block-column-is-layout-flow\">\n<p><\/p>\n\n\n\n<details class=\"wp-block-details is-layout-flow wp-block-details-is-layout-flow\"><summary>Introduction au projet<br><\/summary>\n<p>L\u2019installation \u00ab Foetus Adulte \u00bb est inspir\u00e9e d\u2019un extrait d\u2019un po\u00e8me de Pasolini: \u00ab Po\u00e9sie en forme de rose \u00bb. L\u2019installation d\u00e9veloppe l\u2019histoire d\u2019un homme qui cherche quelque chose de plus grand que lui et vit dans un monde po\u00e9tique nostalgique. Ne sachant pas prendre de d\u00e9cision, il marche \u00e0 l\u2019envers pour voir d\u2019o\u00f9 il vient. Cet homme qui se sent coupable, observe les spectateurs d\u2019un regard oblique et voit de l\u2019oeil droit sa v\u00e9rit\u00e9 crue et de l\u2019oeil gauche sa vie en rose.<\/p>\n\n\n\n<p>Les images de l\u2019installation reprennent l\u2019id\u00e9e de nostalgie pr\u00e9sente dans le po\u00e8me. \u00c0 l\u2019oppos\u00e9 de ces images, la mat\u00e9rialit\u00e9 des objets pr\u00e9sent\u00e9s ram\u00e8ne le spectateur au pr\u00e9sent lourd et b\u00e9tonn\u00e9. L\u2019installation entrem\u00eale ces deux sentiments dystopiques o\u00f9 l\u2019un est de s\u2019\u00e9vader dans un monde onirique et l\u2019autre, de rester fig\u00e9 sans possibilit\u00e9 d\u2019avancer. Des plantes grasses s\u2019\u00e9chappent de cette plaque de b\u00e9ton, rappelant au spectateur que la vie sort des constructions.<\/p>\n<\/details>\n\n\n\n<p><\/p>\n\n\n\n<div style=\"height:74px\" aria-hidden=\"true\" class=\"wp-block-spacer\"><\/div>\n\n\n\n<div class=\"wp-block-group alignwide has-global-padding is-layout-constrained wp-block-group-is-layout-constrained\"><div ><style id=\"wp_carousel_dynamic_css494\">#sp-wp-carousel-free-id-494 .wpcp-swiper-dots {margin: 40px 0px 0px 0px;}.wpcp-wrapper-494 .swiper-wrapper .swiper-slide-kenburn, .wpcp-wrapper-494 .swiper-wrapper, .wpcp-wrapper-494 .wpcpro-row{align-items: center;}#sp-wp-carousel-free-id-494 .wpcp-single-item {box-shadow: 0px 0px 0px 0px #dddddd;transition: all .3s;margin: 0px;}#sp-wp-carousel-free-id-494.swiper-flip .wpcp-single-item{margin: 0!important;}#sp-wp-carousel-free-id-494 .wpcp-single-item:hover {box-shadow: 0px 0px 0px 0px #dddddd;}#sp-wp-carousel-free-id-494.sp-wpcp-494 .wpcp-single-item {border: 1px solid #dddddd;}#sp-wp-carousel-free-id-494.sp-wpcp-494 .swiper-button-prev,#sp-wp-carousel-free-id-494.sp-wpcp-494 .swiper-button-next,#sp-wp-carousel-free-id-494.sp-wpcp-494 .swiper-button-prev:hover,#sp-wp-carousel-free-id-494.sp-wpcp-494 .swiper-button-next:hover {background: none;border: none;font-size: 30px;}#sp-wp-carousel-free-id-494.sp-wpcp-494 .swiper-button-prev i,#sp-wp-carousel-free-id-494.sp-wpcp-494 .swiper-button-next i {color: #aaa;}#sp-wp-carousel-free-id-494.sp-wpcp-494 .swiper-button-prev i:hover,#sp-wp-carousel-free-id-494.sp-wpcp-494 .swiper-button-next i:hover {color: #178087;}#sp-wp-carousel-free-id-494.sp-wpcp-494 .wpcp-swiper-dots .swiper-pagination-bullet {background-color: #cccccc;}#sp-wp-carousel-free-id-494.sp-wpcp-494 .wpcp-swiper-dots .swiper-pagination-bullet.swiper-pagination-bullet-active {background-color: #178087;} #sp-wp-carousel-free-id-494.sp-wpcp-494.wpcp-image-carousel .wpcp-single-item:hover img, #sp-wp-carousel-free-id-494.sp-wpcp-494.wpcp-post-carousel .wpcp-single-item:hover img, #sp-wp-carousel-free-id-494.sp-wpcp-494.wpcp-product-carousel .wpcp-single-item:hover img{-webkit-transform: scale(1.2);-moz-transform: scale(1.2);transform: scale(1.2);}#sp-wp-carousel-free-id-494 .wpcpro-row>[class*=\"wpcpro-col-\"] { padding: 0 10px; padding-bottom: 20px;} #sp-wp-carousel-free-id-494 .swiper-slide .single-item-fade:not(:last-child) { margin-right: 20px;}@media (min-width: 480px) { .wpcpro-row .wpcpro-col-sm-1 { flex: 0 0 100%; max-width: 100%; } .wpcpro-row .wpcpro-col-sm-2 { flex: 0 0 50%; max-width: 50%; } .wpcpro-row .wpcpro-col-sm-2-5 { flex: 0 0 75%; max-width: 75%; } .wpcpro-row .wpcpro-col-sm-3 { flex: 0 0 33.333%; max-width: 33.333%; } .wpcpro-row .wpcpro-col-sm-4 { flex: 0 0 25%; max-width: 25%; } .wpcpro-row .wpcpro-col-sm-5 { flex: 0 0 20%; max-width: 20%; } .wpcpro-row .wpcpro-col-sm-6 { flex: 0 0 16.66666666666667%; max-width: 16.66666666666667%; } .wpcpro-row .wpcpro-col-sm-7 { flex: 0 0 14.28571428%; max-width: 14.28571428%; } .wpcpro-row .wpcpro-col-sm-8 { flex: 0 0 12.5%; max-width: 12.5%; } } @media (max-width: 480px) { .wpcpro-row .wpcpro-col-xs-1 { flex: 0 0 100%; max-width: 100%; } .wpcpro-row .wpcpro-col-xs-2 { flex: 0 0 50%; max-width: 50%; } .wpcpro-row .wpcpro-col-xs-3 { flex: 0 0 33.222%; max-width: 33.222%; } .wpcpro-row .wpcpro-col-xs-4 { flex: 0 0 25%; max-width: 25%; } .wpcpro-row .wpcpro-col-xs-5 { flex: 0 0 20%; max-width: 20%; } .wpcpro-row .wpcpro-col-xs-6 { flex: 0 0 16.6667%; max-width: 16.6667%; } .wpcpro-row .wpcpro-col-xs-7 { flex: 0 0 14.28571428%; max-width: 14.28571428%; } .wpcpro-row .wpcpro-col-xs-8 { flex: 0 0 12.5%; max-width: 12.5%; } } @media (min-width: 736px) { .wpcpro-row .wpcpro-col-md-1 { flex: 0 0 100%; max-width: 100%; } .wpcpro-row .wpcpro-col-md-2 { flex: 0 0 50%; max-width: 50%; } .wpcpro-row .wpcpro-col-md-2-5 { flex: 0 0 75%; max-width: 75%; } .wpcpro-row .wpcpro-col-md-3 { flex: 0 0 33.333%; max-width: 33.333%; } .wpcpro-row .wpcpro-col-md-4 { flex: 0 0 25%; max-width: 25%; } .wpcpro-row .wpcpro-col-md-5 { flex: 0 0 20%; max-width: 20%; } .wpcpro-row .wpcpro-col-md-6 { flex: 0 0 16.66666666666667%; max-width: 16.66666666666667%; } .wpcpro-row .wpcpro-col-md-7 { flex: 0 0 14.28571428%; max-width: 14.28571428%; } .wpcpro-row .wpcpro-col-md-8 { flex: 0 0 12.5%; max-width: 12.5%; } } @media (min-width: 980px) { .wpcpro-row .wpcpro-col-lg-1 { flex: 0 0 100%; max-width: 100%; } .wpcpro-row .wpcpro-col-lg-2 { flex: 0 0 50%; max-width: 50%; } .wpcpro-row .wpcpro-col-lg-3 { flex: 0 0 33.222%; max-width: 33.222%; } .wpcpro-row .wpcpro-col-lg-4 { flex: 0 0 25%; max-width: 25%; } .wpcpro-row .wpcpro-col-lg-5 { flex: 0 0 20%; max-width: 20%; } .wpcpro-row .wpcpro-col-lg-6 { flex: 0 0 16.6667%; max-width: 16.6667%; } .wpcpro-row .wpcpro-col-lg-7 { flex: 0 0 14.28571428%; max-width: 14.28571428%; } .wpcpro-row .wpcpro-col-lg-8 { flex: 0 0 12.5%; max-width: 12.5%; } } @media (min-width: 1200px) { .wpcpro-row .wpcpro-col-xl-1 { flex: 0 0 100%; max-width: 100%; } .wpcpro-row .wpcpro-col-xl-2 { flex: 0 0 50%; max-width: 50%; } .wpcpro-row .wpcpro-col-xl-3 { flex: 0 0 33.22222222%; max-width: 33.22222222%; } .wpcpro-row .wpcpro-col-xl-4 { flex: 0 0 25%; max-width: 25%; } .wpcpro-row .wpcpro-col-xl-5 { flex: 0 0 20%; max-width: 20%; } .wpcpro-row .wpcpro-col-xl-6 { flex: 0 0 16.66667%; max-width: 16.66667%; } .wpcpro-row .wpcpro-col-xl-7 { flex: 0 0 14.28571428%; max-width: 14.28571428%; } .wpcpro-row .wpcpro-col-xl-8 { flex: 0 0 12.5%; max-width: 12.5%; } }<\/style><div class=\"wpcp-carousel-wrapper wpcp-wrapper-494\">\n\t<div id=\"wpcp-preloader-494\" class=\"wpcp-carousel-preloader\"><img decoding=\"async\" src=\"https:\/\/diegowery.be\/wp-content\/plugins\/wp-carousel-free\/public\/css\/spinner.svg\" alt=\"Preloader Image\" \/><\/div>\t<div class=\"wpcp-carousel-content-wrapper\">\n\t<div id=\"sp-wp-carousel-free-id-494\" class=\"wpcp-carousel-section sp-wpcp-494  nav-vertical-center wpcp-image-carousel wpcp-preloader wpcp-standard\" data-swiper='{ &quot;accessibility&quot;:true, &quot;spaceBetween&quot;:20, &quot;arrows&quot;:true, &quot;freeMode&quot;: false, &quot;autoplay&quot;:false, &quot;effect&quot;: &quot;&quot;, &quot;centerMode&quot;: false, &quot;autoplaySpeed&quot;:3000, &quot;dots&quot;:true, &quot;infinite&quot;:true, &quot;speed&quot;:600, &quot;pauseOnHover&quot;:true,\n\t\t\t&quot;slidesToShow&quot;:{&quot;lg_desktop&quot;:2, &quot;desktop&quot;: 2, &quot;laptop&quot;: 2, &quot;tablet&quot;: 2, &quot;mobile&quot;: 1}, &quot;responsive&quot;:{&quot;desktop&quot;:1200, &quot;laptop&quot;: 980, &quot;tablet&quot;: 736, &quot;mobile&quot;: 480}, &quot;rtl&quot;:false, &quot;lazyLoad&quot;: &quot;false&quot;, &quot;swipe&quot;: true, &quot;draggable&quot;: true, &quot;swipeToSlide&quot;:false }' dir=\"ltr\">\n\t\t<div class=\"swiper-wrapper\">\n\t\t<div class=\"swiper-slide\">\n\t<div class=\"wpcp-single-item\">\n\t\t\t<a class=\"wcp-light-box\" data-buttons='[\"close\"]' data-wpc_url='https:\/\/diegowery.be\/wp-content\/uploads\/2025\/05\/IMG_4740-scaled.jpg' href=\"https:\/\/diegowery.be\/wp-content\/uploads\/2025\/05\/IMG_4740-scaled.jpg\" data-fancybox=\"wpcp_view\">\n\t\t<figure>\n\t\t\t<img loading=\"lazy\" decoding=\"async\" class=\"skip-lazy\" src=\"https:\/\/diegowery.be\/wp-content\/uploads\/2025\/05\/IMG_4740-scaled.jpg\" alt=\"IMG_4740\" width=\"2560\" height=\"1707\">\t\t<\/figure>\n\t<\/a>\n\t\t<\/div>\n<\/div>\n\t<div class=\"swiper-slide\">\n\t<div class=\"wpcp-single-item\">\n\t\t\t<a class=\"wcp-light-box\" data-buttons='[\"close\"]' data-wpc_url='https:\/\/diegowery.be\/wp-content\/uploads\/2025\/05\/IMG_4741-scaled.jpg' href=\"https:\/\/diegowery.be\/wp-content\/uploads\/2025\/05\/IMG_4741-scaled.jpg\" data-fancybox=\"wpcp_view\">\n\t\t<figure>\n\t\t\t<img loading=\"lazy\" decoding=\"async\" class=\"skip-lazy\" src=\"https:\/\/diegowery.be\/wp-content\/uploads\/2025\/05\/IMG_4741-scaled.jpg\" alt=\"IMG_4741\" width=\"2560\" height=\"1707\">\t\t<\/figure>\n\t<\/a>\n\t\t<\/div>\n<\/div>\n\t<div class=\"swiper-slide\">\n\t<div class=\"wpcp-single-item\">\n\t\t\t<a class=\"wcp-light-box\" data-buttons='[\"close\"]' data-wpc_url='https:\/\/diegowery.be\/wp-content\/uploads\/2025\/05\/IMG_4742-scaled.jpg' href=\"https:\/\/diegowery.be\/wp-content\/uploads\/2025\/05\/IMG_4742-scaled.jpg\" data-fancybox=\"wpcp_view\">\n\t\t<figure>\n\t\t\t<img loading=\"lazy\" decoding=\"async\" class=\"skip-lazy\" src=\"https:\/\/diegowery.be\/wp-content\/uploads\/2025\/05\/IMG_4742-scaled.jpg\" alt=\"IMG_4742\" width=\"2560\" height=\"1707\">\t\t<\/figure>\n\t<\/a>\n\t\t<\/div>\n<\/div>\n\t<div class=\"swiper-slide\">\n\t<div class=\"wpcp-single-item\">\n\t\t\t<a class=\"wcp-light-box\" data-buttons='[\"close\"]' data-wpc_url='https:\/\/diegowery.be\/wp-content\/uploads\/2025\/05\/IMG_4743-scaled.jpg' href=\"https:\/\/diegowery.be\/wp-content\/uploads\/2025\/05\/IMG_4743-scaled.jpg\" data-fancybox=\"wpcp_view\">\n\t\t<figure>\n\t\t\t<img loading=\"lazy\" decoding=\"async\" class=\"skip-lazy\" src=\"https:\/\/diegowery.be\/wp-content\/uploads\/2025\/05\/IMG_4743-scaled.jpg\" alt=\"IMG_4743\" width=\"2560\" height=\"1707\">\t\t<\/figure>\n\t<\/a>\n\t\t<\/div>\n<\/div>\n\t<div class=\"swiper-slide\">\n\t<div class=\"wpcp-single-item\">\n\t\t\t<a class=\"wcp-light-box\" data-buttons='[\"close\"]' data-wpc_url='https:\/\/diegowery.be\/wp-content\/uploads\/2025\/05\/IMG_4751-scaled.jpg' href=\"https:\/\/diegowery.be\/wp-content\/uploads\/2025\/05\/IMG_4751-scaled.jpg\" data-fancybox=\"wpcp_view\">\n\t\t<figure>\n\t\t\t<img loading=\"lazy\" decoding=\"async\" class=\"skip-lazy\" src=\"https:\/\/diegowery.be\/wp-content\/uploads\/2025\/05\/IMG_4751-scaled.jpg\" alt=\"IMG_4751\" width=\"2560\" height=\"1707\">\t\t<\/figure>\n\t<\/a>\n\t\t<\/div>\n<\/div>\n\t<div class=\"swiper-slide\">\n\t<div class=\"wpcp-single-item\">\n\t\t\t<a class=\"wcp-light-box\" data-buttons='[\"close\"]' data-wpc_url='https:\/\/diegowery.be\/wp-content\/uploads\/2025\/05\/IMG_4752-scaled.jpg' href=\"https:\/\/diegowery.be\/wp-content\/uploads\/2025\/05\/IMG_4752-scaled.jpg\" data-fancybox=\"wpcp_view\">\n\t\t<figure>\n\t\t\t<img loading=\"lazy\" decoding=\"async\" class=\"skip-lazy\" src=\"https:\/\/diegowery.be\/wp-content\/uploads\/2025\/05\/IMG_4752-scaled.jpg\" alt=\"IMG_4752\" width=\"2560\" height=\"1707\">\t\t<\/figure>\n\t<\/a>\n\t\t<\/div>\n<\/div>\n\t<div class=\"swiper-slide\">\n\t<div class=\"wpcp-single-item\">\n\t\t\t<a class=\"wcp-light-box\" data-buttons='[\"close\"]' data-wpc_url='https:\/\/diegowery.be\/wp-content\/uploads\/2025\/05\/IMG_4753-scaled.jpg' href=\"https:\/\/diegowery.be\/wp-content\/uploads\/2025\/05\/IMG_4753-scaled.jpg\" data-fancybox=\"wpcp_view\">\n\t\t<figure>\n\t\t\t<img loading=\"lazy\" decoding=\"async\" class=\"skip-lazy\" src=\"https:\/\/diegowery.be\/wp-content\/uploads\/2025\/05\/IMG_4753-scaled.jpg\" alt=\"IMG_4753\" width=\"2560\" height=\"1707\">\t\t<\/figure>\n\t<\/a>\n\t\t<\/div>\n<\/div>\n\t<div class=\"swiper-slide\">\n\t<div class=\"wpcp-single-item\">\n\t\t\t<a class=\"wcp-light-box\" data-buttons='[\"close\"]' data-wpc_url='https:\/\/diegowery.be\/wp-content\/uploads\/2025\/05\/IMG_4758-scaled.jpg' href=\"https:\/\/diegowery.be\/wp-content\/uploads\/2025\/05\/IMG_4758-scaled.jpg\" data-fancybox=\"wpcp_view\">\n\t\t<figure>\n\t\t\t<img loading=\"lazy\" decoding=\"async\" class=\"skip-lazy\" src=\"https:\/\/diegowery.be\/wp-content\/uploads\/2025\/05\/IMG_4758-scaled.jpg\" alt=\"IMG_4758\" width=\"2560\" height=\"1707\">\t\t<\/figure>\n\t<\/a>\n\t\t<\/div>\n<\/div>\n\t<div class=\"swiper-slide\">\n\t<div class=\"wpcp-single-item\">\n\t\t\t<a class=\"wcp-light-box\" data-buttons='[\"close\"]' data-wpc_url='https:\/\/diegowery.be\/wp-content\/uploads\/2025\/05\/IMG_4761-scaled.jpg' href=\"https:\/\/diegowery.be\/wp-content\/uploads\/2025\/05\/IMG_4761-scaled.jpg\" data-fancybox=\"wpcp_view\">\n\t\t<figure>\n\t\t\t<img loading=\"lazy\" decoding=\"async\" class=\"skip-lazy\" src=\"https:\/\/diegowery.be\/wp-content\/uploads\/2025\/05\/IMG_4761-scaled.jpg\" alt=\"IMG_4761\" width=\"2560\" height=\"1707\">\t\t<\/figure>\n\t<\/a>\n\t\t<\/div>\n<\/div>\n\t<div class=\"swiper-slide\">\n\t<div class=\"wpcp-single-item\">\n\t\t\t<a class=\"wcp-light-box\" data-buttons='[\"close\"]' data-wpc_url='https:\/\/diegowery.be\/wp-content\/uploads\/2025\/05\/IMG_4762-scaled.jpg' href=\"https:\/\/diegowery.be\/wp-content\/uploads\/2025\/05\/IMG_4762-scaled.jpg\" data-fancybox=\"wpcp_view\">\n\t\t<figure>\n\t\t\t<img loading=\"lazy\" decoding=\"async\" class=\"skip-lazy\" src=\"https:\/\/diegowery.be\/wp-content\/uploads\/2025\/05\/IMG_4762-scaled.jpg\" alt=\"IMG_4762\" width=\"2560\" height=\"1707\">\t\t<\/figure>\n\t<\/a>\n\t\t<\/div>\n<\/div>\n\t<div class=\"swiper-slide\">\n\t<div class=\"wpcp-single-item\">\n\t\t\t<a class=\"wcp-light-box\" data-buttons='[\"close\"]' data-wpc_url='https:\/\/diegowery.be\/wp-content\/uploads\/2025\/05\/IMG_4763-scaled.jpg' href=\"https:\/\/diegowery.be\/wp-content\/uploads\/2025\/05\/IMG_4763-scaled.jpg\" data-fancybox=\"wpcp_view\">\n\t\t<figure>\n\t\t\t<img loading=\"lazy\" decoding=\"async\" class=\"skip-lazy\" src=\"https:\/\/diegowery.be\/wp-content\/uploads\/2025\/05\/IMG_4763-scaled.jpg\" alt=\"IMG_4763\" width=\"2560\" height=\"1707\">\t\t<\/figure>\n\t<\/a>\n\t\t<\/div>\n<\/div>\n\t<div class=\"swiper-slide\">\n\t<div class=\"wpcp-single-item\">\n\t\t\t<a class=\"wcp-light-box\" data-buttons='[\"close\"]' data-wpc_url='https:\/\/diegowery.be\/wp-content\/uploads\/2025\/05\/IMG_4764-scaled.jpg' href=\"https:\/\/diegowery.be\/wp-content\/uploads\/2025\/05\/IMG_4764-scaled.jpg\" data-fancybox=\"wpcp_view\">\n\t\t<figure>\n\t\t\t<img loading=\"lazy\" decoding=\"async\" class=\"skip-lazy\" src=\"https:\/\/diegowery.be\/wp-content\/uploads\/2025\/05\/IMG_4764-scaled.jpg\" alt=\"IMG_4764\" width=\"2560\" height=\"1707\">\t\t<\/figure>\n\t<\/a>\n\t\t<\/div>\n<\/div>\n\t<div class=\"swiper-slide\">\n\t<div class=\"wpcp-single-item\">\n\t\t\t<a class=\"wcp-light-box\" data-buttons='[\"close\"]' data-wpc_url='https:\/\/diegowery.be\/wp-content\/uploads\/2025\/05\/IMG_4766-scaled.jpg' href=\"https:\/\/diegowery.be\/wp-content\/uploads\/2025\/05\/IMG_4766-scaled.jpg\" data-fancybox=\"wpcp_view\">\n\t\t<figure>\n\t\t\t<img loading=\"lazy\" decoding=\"async\" class=\"skip-lazy\" src=\"https:\/\/diegowery.be\/wp-content\/uploads\/2025\/05\/IMG_4766-scaled.jpg\" alt=\"IMG_4766\" width=\"2560\" height=\"1707\">\t\t<\/figure>\n\t<\/a>\n\t\t<\/div>\n<\/div>\n\t<div class=\"swiper-slide\">\n\t<div class=\"wpcp-single-item\">\n\t\t\t<a class=\"wcp-light-box\" data-buttons='[\"close\"]' data-wpc_url='https:\/\/diegowery.be\/wp-content\/uploads\/2025\/05\/IMG_4769-scaled.jpg' href=\"https:\/\/diegowery.be\/wp-content\/uploads\/2025\/05\/IMG_4769-scaled.jpg\" data-fancybox=\"wpcp_view\">\n\t\t<figure>\n\t\t\t<img loading=\"lazy\" decoding=\"async\" class=\"skip-lazy\" src=\"https:\/\/diegowery.be\/wp-content\/uploads\/2025\/05\/IMG_4769-scaled.jpg\" alt=\"IMG_4769\" width=\"2560\" height=\"1707\">\t\t<\/figure>\n\t<\/a>\n\t\t<\/div>\n<\/div>\n\t<div class=\"swiper-slide\">\n\t<div class=\"wpcp-single-item\">\n\t\t\t<a class=\"wcp-light-box\" data-buttons='[\"close\"]' data-wpc_url='https:\/\/diegowery.be\/wp-content\/uploads\/2025\/05\/IMG_4774-scaled.jpg' href=\"https:\/\/diegowery.be\/wp-content\/uploads\/2025\/05\/IMG_4774-scaled.jpg\" data-fancybox=\"wpcp_view\">\n\t\t<figure>\n\t\t\t<img loading=\"lazy\" decoding=\"async\" class=\"skip-lazy\" src=\"https:\/\/diegowery.be\/wp-content\/uploads\/2025\/05\/IMG_4774-scaled.jpg\" alt=\"IMG_4774\" width=\"2560\" height=\"1707\">\t\t<\/figure>\n\t<\/a>\n\t\t<\/div>\n<\/div>\n\t<div class=\"swiper-slide\">\n\t<div class=\"wpcp-single-item\">\n\t\t\t<a class=\"wcp-light-box\" data-buttons='[\"close\"]' data-wpc_url='https:\/\/diegowery.be\/wp-content\/uploads\/2025\/05\/IMG_4783-scaled.jpg' href=\"https:\/\/diegowery.be\/wp-content\/uploads\/2025\/05\/IMG_4783-scaled.jpg\" data-fancybox=\"wpcp_view\">\n\t\t<figure>\n\t\t\t<img loading=\"lazy\" decoding=\"async\" class=\"skip-lazy\" src=\"https:\/\/diegowery.be\/wp-content\/uploads\/2025\/05\/IMG_4783-scaled.jpg\" alt=\"IMG_4783\" width=\"1707\" height=\"2560\">\t\t<\/figure>\n\t<\/a>\n\t\t<\/div>\n<\/div>\n\t\t\t<\/div>\n\t\t\t\t\t<div class=\"wpcp-swiper-dots swiper-pagination\"><\/div>\n\t\t\t\t<!-- If we need navigation buttons -->\n\t\t\t\t\t<div class=\"wpcp-prev-button swiper-button-prev\"><i class=\"fa fa-angle-left\"><\/i><\/div>\n\t\t\t<div class=\"wpcp-next-button swiper-button-next\"><i class=\"fa fa-angle-right\"><\/i><\/div>\n\t\t\t<\/div>\n\t<\/div>\n<\/div>\n<\/div><\/div>\n<\/div>\n<\/div>\n","protected":false},"excerpt":{"rendered":"<p>Projet de fin d&rsquo;\u00e9tude, Bruxelles 2017<\/p>\n","protected":false},"author":1,"featured_media":0,"parent":0,"menu_order":0,"comment_status":"closed","ping_status":"closed","template":"","meta":{"footnotes":""},"class_list":["post-489","page","type-page","status-publish","hentry"],"yoast_head":"<!-- This site is optimized with the Yoast SEO plugin v27.1.1 - https:\/\/yoast.com\/product\/yoast-seo-wordpress\/ -->\n<title>F\u0152TUS ADULTE - Diego Wery<\/title>\n<meta name=\"robots\" content=\"index, follow, max-snippet:-1, max-image-preview:large, max-video-preview:-1\" \/>\n<link rel=\"canonical\" href=\"https:\/\/diegowery.be\/index.php\/foetus-adulte\/\" \/>\n<meta property=\"og:locale\" content=\"fr_FR\" \/>\n<meta property=\"og:type\" content=\"article\" \/>\n<meta property=\"og:title\" content=\"F\u0152TUS ADULTE - Diego Wery\" \/>\n<meta property=\"og:description\" content=\"Projet de fin d&rsquo;\u00e9tude, Bruxelles 2017\" \/>\n<meta property=\"og:url\" content=\"https:\/\/diegowery.be\/index.php\/foetus-adulte\/\" \/>\n<meta property=\"og:site_name\" content=\"Diego Wery\" \/>\n<meta property=\"article:modified_time\" content=\"2025-05-19T18:03:52+00:00\" \/>\n<meta name=\"twitter:card\" content=\"summary_large_image\" \/>\n<meta name=\"twitter:label1\" content=\"Dur\u00e9e de lecture estim\u00e9e\" \/>\n\t<meta name=\"twitter:data1\" content=\"1 minute\" \/>\n<script type=\"application\/ld+json\" class=\"yoast-schema-graph\">{\"@context\":\"https:\/\/schema.org\",\"@graph\":[{\"@type\":\"WebPage\",\"@id\":\"https:\/\/diegowery.be\/index.php\/foetus-adulte\/\",\"url\":\"https:\/\/diegowery.be\/index.php\/foetus-adulte\/\",\"name\":\"F\u0152TUS ADULTE - Diego Wery\",\"isPartOf\":{\"@id\":\"https:\/\/diegowery.be\/#website\"},\"datePublished\":\"2025-05-19T17:16:51+00:00\",\"dateModified\":\"2025-05-19T18:03:52+00:00\",\"breadcrumb\":{\"@id\":\"https:\/\/diegowery.be\/index.php\/foetus-adulte\/#breadcrumb\"},\"inLanguage\":\"fr-FR\",\"potentialAction\":[{\"@type\":\"ReadAction\",\"target\":[\"https:\/\/diegowery.be\/index.php\/foetus-adulte\/\"]}]},{\"@type\":\"BreadcrumbList\",\"@id\":\"https:\/\/diegowery.be\/index.php\/foetus-adulte\/#breadcrumb\",\"itemListElement\":[{\"@type\":\"ListItem\",\"position\":1,\"name\":\"Accueil\",\"item\":\"https:\/\/diegowery.be\/\"},{\"@type\":\"ListItem\",\"position\":2,\"name\":\"F\u0152TUS ADULTE\"}]},{\"@type\":\"WebSite\",\"@id\":\"https:\/\/diegowery.be\/#website\",\"url\":\"https:\/\/diegowery.be\/\",\"name\":\"Diego Wery\",\"description\":\"Diego Wery, artiste plasticien\",\"publisher\":{\"@id\":\"https:\/\/diegowery.be\/#\/schema\/person\/d3dddb528a96b75f22e27bb91675245d\"},\"potentialAction\":[{\"@type\":\"SearchAction\",\"target\":{\"@type\":\"EntryPoint\",\"urlTemplate\":\"https:\/\/diegowery.be\/?s={search_term_string}\"},\"query-input\":{\"@type\":\"PropertyValueSpecification\",\"valueRequired\":true,\"valueName\":\"search_term_string\"}}],\"inLanguage\":\"fr-FR\"},{\"@type\":[\"Person\",\"Organization\"],\"@id\":\"https:\/\/diegowery.be\/#\/schema\/person\/d3dddb528a96b75f22e27bb91675245d\",\"name\":\"diego\",\"image\":{\"@type\":\"ImageObject\",\"inLanguage\":\"fr-FR\",\"@id\":\"https:\/\/diegowery.be\/#\/schema\/person\/image\/\",\"url\":\"https:\/\/diegowery.be\/wp-content\/uploads\/2025\/03\/Ado-conc-edited-1.jpg\",\"contentUrl\":\"https:\/\/diegowery.be\/wp-content\/uploads\/2025\/03\/Ado-conc-edited-1.jpg\",\"width\":665,\"height\":916,\"caption\":\"diego\"},\"logo\":{\"@id\":\"https:\/\/diegowery.be\/#\/schema\/person\/image\/\"},\"sameAs\":[\"http:\/\/diegowery.be\"]}]}<\/script>\n<!-- \/ Yoast SEO plugin. -->","yoast_head_json":{"title":"F\u0152TUS ADULTE - Diego Wery","robots":{"index":"index","follow":"follow","max-snippet":"max-snippet:-1","max-image-preview":"max-image-preview:large","max-video-preview":"max-video-preview:-1"},"canonical":"https:\/\/diegowery.be\/index.php\/foetus-adulte\/","og_locale":"fr_FR","og_type":"article","og_title":"F\u0152TUS ADULTE - Diego Wery","og_description":"Projet de fin d&rsquo;\u00e9tude, Bruxelles 2017","og_url":"https:\/\/diegowery.be\/index.php\/foetus-adulte\/","og_site_name":"Diego Wery","article_modified_time":"2025-05-19T18:03:52+00:00","twitter_card":"summary_large_image","twitter_misc":{"Dur\u00e9e de lecture estim\u00e9e":"1 minute"},"schema":{"@context":"https:\/\/schema.org","@graph":[{"@type":"WebPage","@id":"https:\/\/diegowery.be\/index.php\/foetus-adulte\/","url":"https:\/\/diegowery.be\/index.php\/foetus-adulte\/","name":"F\u0152TUS ADULTE - Diego Wery","isPartOf":{"@id":"https:\/\/diegowery.be\/#website"},"datePublished":"2025-05-19T17:16:51+00:00","dateModified":"2025-05-19T18:03:52+00:00","breadcrumb":{"@id":"https:\/\/diegowery.be\/index.php\/foetus-adulte\/#breadcrumb"},"inLanguage":"fr-FR","potentialAction":[{"@type":"ReadAction","target":["https:\/\/diegowery.be\/index.php\/foetus-adulte\/"]}]},{"@type":"BreadcrumbList","@id":"https:\/\/diegowery.be\/index.php\/foetus-adulte\/#breadcrumb","itemListElement":[{"@type":"ListItem","position":1,"name":"Accueil","item":"https:\/\/diegowery.be\/"},{"@type":"ListItem","position":2,"name":"F\u0152TUS ADULTE"}]},{"@type":"WebSite","@id":"https:\/\/diegowery.be\/#website","url":"https:\/\/diegowery.be\/","name":"Diego Wery","description":"Diego Wery, artiste plasticien","publisher":{"@id":"https:\/\/diegowery.be\/#\/schema\/person\/d3dddb528a96b75f22e27bb91675245d"},"potentialAction":[{"@type":"SearchAction","target":{"@type":"EntryPoint","urlTemplate":"https:\/\/diegowery.be\/?s={search_term_string}"},"query-input":{"@type":"PropertyValueSpecification","valueRequired":true,"valueName":"search_term_string"}}],"inLanguage":"fr-FR"},{"@type":["Person","Organization"],"@id":"https:\/\/diegowery.be\/#\/schema\/person\/d3dddb528a96b75f22e27bb91675245d","name":"diego","image":{"@type":"ImageObject","inLanguage":"fr-FR","@id":"https:\/\/diegowery.be\/#\/schema\/person\/image\/","url":"https:\/\/diegowery.be\/wp-content\/uploads\/2025\/03\/Ado-conc-edited-1.jpg","contentUrl":"https:\/\/diegowery.be\/wp-content\/uploads\/2025\/03\/Ado-conc-edited-1.jpg","width":665,"height":916,"caption":"diego"},"logo":{"@id":"https:\/\/diegowery.be\/#\/schema\/person\/image\/"},"sameAs":["http:\/\/diegowery.be"]}]}},"_links":{"self":[{"href":"https:\/\/diegowery.be\/index.php\/wp-json\/wp\/v2\/pages\/489","targetHints":{"allow":["GET"]}}],"collection":[{"href":"https:\/\/diegowery.be\/index.php\/wp-json\/wp\/v2\/pages"}],"about":[{"href":"https:\/\/diegowery.be\/index.php\/wp-json\/wp\/v2\/types\/page"}],"author":[{"embeddable":true,"href":"https:\/\/diegowery.be\/index.php\/wp-json\/wp\/v2\/users\/1"}],"replies":[{"embeddable":true,"href":"https:\/\/diegowery.be\/index.php\/wp-json\/wp\/v2\/comments?post=489"}],"version-history":[{"count":9,"href":"https:\/\/diegowery.be\/index.php\/wp-json\/wp\/v2\/pages\/489\/revisions"}],"predecessor-version":[{"id":548,"href":"https:\/\/diegowery.be\/index.php\/wp-json\/wp\/v2\/pages\/489\/revisions\/548"}],"wp:attachment":[{"href":"https:\/\/diegowery.be\/index.php\/wp-json\/wp\/v2\/media?parent=489"}],"curies":[{"name":"wp","href":"https:\/\/api.w.org\/{rel}","templated":true}]}}