{"id":469,"date":"2025-05-19T18:57:02","date_gmt":"2025-05-19T16:57:02","guid":{"rendered":"https:\/\/diegowery.be\/?page_id=469"},"modified":"2025-05-19T19:46:16","modified_gmt":"2025-05-19T17:46:16","slug":"et-pourquoi-pas-de-la-poesie","status":"publish","type":"page","link":"https:\/\/diegowery.be\/index.php\/et-pourquoi-pas-de-la-poesie\/","title":{"rendered":"Et pourquoi pas de la po\u00e9sie"},"content":{"rendered":"\n<p>2020, duo show avec <a href=\"http:\/\/arthurdelhaye.be\/\" data-type=\"link\" data-id=\"http:\/\/arthurdelhaye.be\/\">Arthur Delhaye,<\/a> Transformeurs, Bruxelles<\/p>\n\n\n\n<div class=\"wp-block-columns is-layout-flex wp-container-core-columns-is-layout-28f84493 wp-block-columns-is-layout-flex\">\n<div class=\"wp-block-column is-layout-flow wp-block-column-is-layout-flow\" style=\"flex-basis:66.66%\">\n<div style=\"height:25px\" aria-hidden=\"true\" class=\"wp-block-spacer\"><\/div>\n<\/div>\n\n\n\n<div class=\"wp-block-column is-layout-flow wp-block-column-is-layout-flow\" style=\"flex-basis:33.33%\">\n<div class=\"wp-block-buttons is-content-justification-right is-layout-flex wp-container-core-buttons-is-layout-d445cf74 wp-block-buttons-is-layout-flex\">\n<div class=\"wp-block-button has-custom-width wp-block-button__width-100 is-style-outline is-style-outline--1\"><a class=\"wp-block-button__link has-small-font-size has-text-align-center has-custom-font-size wp-element-button\" href=\"https:\/\/diegowery.be\/index.php\/foetus-adulte\/\">Projet suivant<\/a><\/div>\n<\/div>\n<\/div>\n<\/div>\n\n\n\n<div class=\"wp-block-columns is-layout-flex wp-container-core-columns-is-layout-28f84493 wp-block-columns-is-layout-flex\">\n<div class=\"wp-block-column is-layout-flow wp-block-column-is-layout-flow\">\n<details class=\"wp-block-details is-layout-flow wp-block-details-is-layout-flow\"><summary>Texte: introduction \u00e0 l&rsquo;exposition <br><\/summary>\n<p>EtPourquoiPasDeLaPoesie_Titre&amp;Photos<\/p>\n\n\n\n<p>Sous des pseudonymes germaniques t\u00e9moins d\u2019une amiti\u00e9 complice, Arthur Delhaye et Diego Wery pr\u00e9sentent leur premi\u00e8re exposition commune avec \u00ab et pourquoi pas de la po\u00e9sie \u00bb. Un titre d\u2019une apparente l\u00e9g\u00e8ret\u00e9, pourtant lest\u00e9 de pressantes questions.<\/p>\n\n\n\n<p>Fruit d\u2019un dialogue sinc\u00e8re qui forge leurs pratiques mutuelles \u00e0 force de confrontation, le r\u00e9sultat se situe quelque part entre la r\u00eaverie, le bizarre et le banal. L\u2019espace d\u2019exposition se voit peupl\u00e9 de figures \u00e0 l\u2019aspect fantomatique, monstrueux, &#8230; voire m\u00eame humain. Entre la forme et l\u2019informe, il n\u2019y a que quelques pas.<\/p>\n\n\n\n<p>Les peintures de Diego Wery mettent en sc\u00e8ne des individus baign\u00e9s de couleur qui explorent notamment les r\u00f4les assign\u00e9s aux hommes et aux femmes et leur possible dislocation. Des individus se forment, se conforment et se d\u00e9forment en pr\u00e9sence d\u2019une mati\u00e8re rose p\u00e2teuse ; s\u00e8ve vitale, liquide hygi\u00e9nique, crachat, &#8230; diff\u00e9rents \u00e9l\u00e9ments que l\u2019on soup\u00e7onne issus d\u2019une m\u00eame substance po\u00e9tique.<\/p>\n\n\n\n<p>Dans ses sculptures, Arthur Delhaye se saisit de cette r\u00e9flexion sur la forme et la d\u00e9place \u00e0 un niveau plus \u00e9l\u00e9mentaire. Ces pr\u00e9sences d\u00e9rangeantes r\u00e9sonnent avec la formule de Bataille : \u00ab informe n\u2019est pas seulement un adjectif ayant tel sens, mais un terme servant \u00e0 d\u00e9classer, exigeant g\u00e9n\u00e9ralement que chaque chose ait sa forme \u00bb. Cette citation \u00e9claire le malaise ressenti devant elles, famili\u00e8res et pourtant \u00e9tranges. Une fluidit\u00e9 ambivalente para\u00eet les animer : grotesques mais graves, path\u00e9tiques et fi\u00e8res, elles se situent quelque part entre les cieux et la vase ; et paraissent irrigu\u00e9es de cette fameuse mati\u00e8re rose.<\/p>\n\n\n\n<p>\u00ab Informe n\u2019est pas seulement un adjectif ayant tel sens, mais un terme servant \u00e0 d\u00e9classer, exigeant g\u00e9n\u00e9ralement que chaque chose ait sa forme. Ce qu\u2019il d\u00e9signe n\u2019a ses droits dans aucun sens et se fait \u00e9craser partout comme une araign\u00e9e ou un ver de terre. Il faudrait en effet, pour que les hommes acad\u00e9miques soient contents, que l\u2019univers prenne forme. La philosophie enti\u00e8re n\u2019a pas d\u2019autre but : il s\u2019agit de donner une redingote \u00e0 ce qui est, une redingote math\u00e9matique. Par contre affirmer que l\u2019univers ne ressemble \u00e0 rien et n\u2019est qu\u2019informe revient \u00e0 dire que l\u2019univers est quelque chose comme une araign\u00e9e ou un crachat. \u00bb<\/p>\n\n\n\n<p>George Bataille<br>revue <em>Documents<\/em>, n\u00b06, 1929, dans Bataille &#8211; <em>Courts \u00e9crits sur l\u2019art<\/em>, 2017<\/p>\n\n\n\n<p>Texte de Manon Paulus<\/p>\n\n\n\n<p><br><\/p>\n<\/details>\n\n\n\n<p>Photo de Eva Joncquel<\/p>\n\n\n\n<div style=\"height:55px\" aria-hidden=\"true\" class=\"wp-block-spacer\"><\/div>\n\n\n\n<div class=\"wp-block-group alignwide has-global-padding is-layout-constrained wp-block-group-is-layout-constrained\"><div ><style id=\"wp_carousel_dynamic_css472\">#sp-wp-carousel-free-id-472 .wpcp-swiper-dots {margin: 40px 0px 0px 0px;}.wpcp-wrapper-472 .swiper-wrapper .swiper-slide-kenburn, .wpcp-wrapper-472 .swiper-wrapper, .wpcp-wrapper-472 .wpcpro-row{align-items: center;}#sp-wp-carousel-free-id-472 .wpcp-single-item {box-shadow: 0px 0px 0px 0px #dddddd;transition: all .3s;margin: 0px;}#sp-wp-carousel-free-id-472.swiper-flip .wpcp-single-item{margin: 0!important;}#sp-wp-carousel-free-id-472 .wpcp-single-item:hover {box-shadow: 0px 0px 0px 0px #dddddd;}#sp-wp-carousel-free-id-472.sp-wpcp-472 .wpcp-single-item {border: 1px solid #dddddd;}#sp-wp-carousel-free-id-472.sp-wpcp-472 .swiper-button-prev,#sp-wp-carousel-free-id-472.sp-wpcp-472 .swiper-button-next,#sp-wp-carousel-free-id-472.sp-wpcp-472 .swiper-button-prev:hover,#sp-wp-carousel-free-id-472.sp-wpcp-472 .swiper-button-next:hover {background: none;border: none;font-size: 30px;}#sp-wp-carousel-free-id-472.sp-wpcp-472 .swiper-button-prev i,#sp-wp-carousel-free-id-472.sp-wpcp-472 .swiper-button-next i {color: #aaa;}#sp-wp-carousel-free-id-472.sp-wpcp-472 .swiper-button-prev i:hover,#sp-wp-carousel-free-id-472.sp-wpcp-472 .swiper-button-next i:hover {color: #178087;}#sp-wp-carousel-free-id-472.sp-wpcp-472 .wpcp-swiper-dots .swiper-pagination-bullet {background-color: #cccccc;}#sp-wp-carousel-free-id-472.sp-wpcp-472 .wpcp-swiper-dots .swiper-pagination-bullet.swiper-pagination-bullet-active {background-color: #178087;} #sp-wp-carousel-free-id-472.sp-wpcp-472.wpcp-image-carousel .wpcp-single-item:hover img, #sp-wp-carousel-free-id-472.sp-wpcp-472.wpcp-post-carousel .wpcp-single-item:hover img, #sp-wp-carousel-free-id-472.sp-wpcp-472.wpcp-product-carousel .wpcp-single-item:hover img{-webkit-transform: scale(1.2);-moz-transform: scale(1.2);transform: scale(1.2);}#sp-wp-carousel-free-id-472 .wpcpro-row>[class*=\"wpcpro-col-\"] { padding: 0 10px; padding-bottom: 20px;} #sp-wp-carousel-free-id-472 .swiper-slide .single-item-fade:not(:last-child) { margin-right: 20px;}@media (min-width: 480px) { .wpcpro-row .wpcpro-col-sm-1 { flex: 0 0 100%; max-width: 100%; } .wpcpro-row .wpcpro-col-sm-2 { flex: 0 0 50%; max-width: 50%; } .wpcpro-row .wpcpro-col-sm-2-5 { flex: 0 0 75%; max-width: 75%; } .wpcpro-row .wpcpro-col-sm-3 { flex: 0 0 33.333%; max-width: 33.333%; } .wpcpro-row .wpcpro-col-sm-4 { flex: 0 0 25%; max-width: 25%; } .wpcpro-row .wpcpro-col-sm-5 { flex: 0 0 20%; max-width: 20%; } .wpcpro-row .wpcpro-col-sm-6 { flex: 0 0 16.66666666666667%; max-width: 16.66666666666667%; } .wpcpro-row .wpcpro-col-sm-7 { flex: 0 0 14.28571428%; max-width: 14.28571428%; } .wpcpro-row .wpcpro-col-sm-8 { flex: 0 0 12.5%; max-width: 12.5%; } } @media (max-width: 480px) { .wpcpro-row .wpcpro-col-xs-1 { flex: 0 0 100%; max-width: 100%; } .wpcpro-row .wpcpro-col-xs-2 { flex: 0 0 50%; max-width: 50%; } .wpcpro-row .wpcpro-col-xs-3 { flex: 0 0 33.222%; max-width: 33.222%; } .wpcpro-row .wpcpro-col-xs-4 { flex: 0 0 25%; max-width: 25%; } .wpcpro-row .wpcpro-col-xs-5 { flex: 0 0 20%; max-width: 20%; } .wpcpro-row .wpcpro-col-xs-6 { flex: 0 0 16.6667%; max-width: 16.6667%; } .wpcpro-row .wpcpro-col-xs-7 { flex: 0 0 14.28571428%; max-width: 14.28571428%; } .wpcpro-row .wpcpro-col-xs-8 { flex: 0 0 12.5%; max-width: 12.5%; } } @media (min-width: 736px) { .wpcpro-row .wpcpro-col-md-1 { flex: 0 0 100%; max-width: 100%; } .wpcpro-row .wpcpro-col-md-2 { flex: 0 0 50%; max-width: 50%; } .wpcpro-row .wpcpro-col-md-2-5 { flex: 0 0 75%; max-width: 75%; } .wpcpro-row .wpcpro-col-md-3 { flex: 0 0 33.333%; max-width: 33.333%; } .wpcpro-row .wpcpro-col-md-4 { flex: 0 0 25%; max-width: 25%; } .wpcpro-row .wpcpro-col-md-5 { flex: 0 0 20%; max-width: 20%; } .wpcpro-row .wpcpro-col-md-6 { flex: 0 0 16.66666666666667%; max-width: 16.66666666666667%; } .wpcpro-row .wpcpro-col-md-7 { flex: 0 0 14.28571428%; max-width: 14.28571428%; } .wpcpro-row .wpcpro-col-md-8 { flex: 0 0 12.5%; max-width: 12.5%; } } @media (min-width: 980px) { .wpcpro-row .wpcpro-col-lg-1 { flex: 0 0 100%; max-width: 100%; } .wpcpro-row .wpcpro-col-lg-2 { flex: 0 0 50%; max-width: 50%; } .wpcpro-row .wpcpro-col-lg-3 { flex: 0 0 33.222%; max-width: 33.222%; } .wpcpro-row .wpcpro-col-lg-4 { flex: 0 0 25%; max-width: 25%; } .wpcpro-row .wpcpro-col-lg-5 { flex: 0 0 20%; max-width: 20%; } .wpcpro-row .wpcpro-col-lg-6 { flex: 0 0 16.6667%; max-width: 16.6667%; } .wpcpro-row .wpcpro-col-lg-7 { flex: 0 0 14.28571428%; max-width: 14.28571428%; } .wpcpro-row .wpcpro-col-lg-8 { flex: 0 0 12.5%; max-width: 12.5%; } } @media (min-width: 1200px) { .wpcpro-row .wpcpro-col-xl-1 { flex: 0 0 100%; max-width: 100%; } .wpcpro-row .wpcpro-col-xl-2 { flex: 0 0 50%; max-width: 50%; } .wpcpro-row .wpcpro-col-xl-3 { flex: 0 0 33.22222222%; max-width: 33.22222222%; } .wpcpro-row .wpcpro-col-xl-4 { flex: 0 0 25%; max-width: 25%; } .wpcpro-row .wpcpro-col-xl-5 { flex: 0 0 20%; max-width: 20%; } .wpcpro-row .wpcpro-col-xl-6 { flex: 0 0 16.66667%; max-width: 16.66667%; } .wpcpro-row .wpcpro-col-xl-7 { flex: 0 0 14.28571428%; max-width: 14.28571428%; } .wpcpro-row .wpcpro-col-xl-8 { flex: 0 0 12.5%; max-width: 12.5%; } }<\/style><div class=\"wpcp-carousel-wrapper wpcp-wrapper-472\">\n\t<div id=\"wpcp-preloader-472\" class=\"wpcp-carousel-preloader\"><img decoding=\"async\" src=\"https:\/\/diegowery.be\/wp-content\/plugins\/wp-carousel-free\/public\/css\/spinner.svg\" alt=\"Preloader Image\" \/><\/div>\t<div class=\"wpcp-carousel-content-wrapper\">\n\t<div id=\"sp-wp-carousel-free-id-472\" class=\"wpcp-carousel-section sp-wpcp-472  nav-vertical-center wpcp-image-carousel wpcp-preloader wpcp-standard\" data-swiper='{ &quot;accessibility&quot;:true, &quot;spaceBetween&quot;:20, &quot;arrows&quot;:true, &quot;freeMode&quot;: false, &quot;autoplay&quot;:false, &quot;effect&quot;: &quot;&quot;, &quot;centerMode&quot;: false, &quot;autoplaySpeed&quot;:3000, &quot;dots&quot;:true, &quot;infinite&quot;:true, &quot;speed&quot;:600, &quot;pauseOnHover&quot;:true,\n\t\t\t&quot;slidesToShow&quot;:{&quot;lg_desktop&quot;:2, &quot;desktop&quot;: 2, &quot;laptop&quot;: 2, &quot;tablet&quot;: 2, &quot;mobile&quot;: 1}, &quot;responsive&quot;:{&quot;desktop&quot;:1200, &quot;laptop&quot;: 980, &quot;tablet&quot;: 736, &quot;mobile&quot;: 480}, &quot;rtl&quot;:false, &quot;lazyLoad&quot;: &quot;false&quot;, &quot;swipe&quot;: true, &quot;draggable&quot;: true, &quot;swipeToSlide&quot;:false }' dir=\"ltr\">\n\t\t<div class=\"swiper-wrapper\">\n\t\t<div class=\"swiper-slide\">\n\t<div class=\"wpcp-single-item\">\n\t\t\t<a class=\"wcp-light-box\" data-buttons='[\"close\"]' data-wpc_url='https:\/\/diegowery.be\/wp-content\/uploads\/2025\/05\/B_EtPourquoiPasDeLaPoesie-\u00a9evajoncquel.jpg' href=\"https:\/\/diegowery.be\/wp-content\/uploads\/2025\/05\/B_EtPourquoiPasDeLaPoesie-\u00a9evajoncquel.jpg\" data-fancybox=\"wpcp_view\">\n\t\t<figure>\n\t\t\t<img loading=\"lazy\" decoding=\"async\" class=\"skip-lazy\" src=\"https:\/\/diegowery.be\/wp-content\/uploads\/2025\/05\/B_EtPourquoiPasDeLaPoesie-\u00a9evajoncquel.jpg\" alt=\"B_EtPourquoiPasDeLaPoe\u0301sie-\u00a9evajoncquel\" width=\"1772\" height=\"1175\">\t\t<\/figure>\n\t<\/a>\n\t\t<\/div>\n<\/div>\n\t<div class=\"swiper-slide\">\n\t<div class=\"wpcp-single-item\">\n\t\t\t<a class=\"wcp-light-box\" data-buttons='[\"close\"]' data-wpc_url='https:\/\/diegowery.be\/wp-content\/uploads\/2025\/05\/A_EtPourquoiPasDeLaPoesie-\u00a9evajoncquel.jpg' href=\"https:\/\/diegowery.be\/wp-content\/uploads\/2025\/05\/A_EtPourquoiPasDeLaPoesie-\u00a9evajoncquel.jpg\" data-fancybox=\"wpcp_view\">\n\t\t<figure>\n\t\t\t<img loading=\"lazy\" decoding=\"async\" class=\"skip-lazy\" src=\"https:\/\/diegowery.be\/wp-content\/uploads\/2025\/05\/A_EtPourquoiPasDeLaPoesie-\u00a9evajoncquel.jpg\" alt=\"A_EtPourquoiPasDeLaPoe\u0301sie-\u00a9evajoncquel\" width=\"1181\" height=\"1772\">\t\t<\/figure>\n\t<\/a>\n\t\t<\/div>\n<\/div>\n\t<div class=\"swiper-slide\">\n\t<div class=\"wpcp-single-item\">\n\t\t\t<a class=\"wcp-light-box\" data-buttons='[\"close\"]' data-wpc_url='https:\/\/diegowery.be\/wp-content\/uploads\/2025\/05\/Le_mouvement_perpetuel-\u00a9evajoncquel-1660-scaled.jpg' href=\"https:\/\/diegowery.be\/wp-content\/uploads\/2025\/05\/Le_mouvement_perpetuel-\u00a9evajoncquel-1660-scaled.jpg\" data-fancybox=\"wpcp_view\">\n\t\t<figure>\n\t\t\t<img loading=\"lazy\" decoding=\"async\" class=\"skip-lazy\" src=\"https:\/\/diegowery.be\/wp-content\/uploads\/2025\/05\/Le_mouvement_perpetuel-\u00a9evajoncquel-1660-scaled.jpg\" alt=\"Le_mouvement_perpetuel-\u00a9evajoncquel-1660\" width=\"1717\" height=\"2560\">\t\t<\/figure>\n\t<\/a>\n\t\t<\/div>\n<\/div>\n\t<div class=\"swiper-slide\">\n\t<div class=\"wpcp-single-item\">\n\t\t\t<a class=\"wcp-light-box\" data-buttons='[\"close\"]' data-wpc_url='https:\/\/diegowery.be\/wp-content\/uploads\/2025\/05\/E_EtPourquoiPasDeLaPoesie-\u00a9evajoncquel-scaled.jpg' href=\"https:\/\/diegowery.be\/wp-content\/uploads\/2025\/05\/E_EtPourquoiPasDeLaPoesie-\u00a9evajoncquel-scaled.jpg\" data-fancybox=\"wpcp_view\">\n\t\t<figure>\n\t\t\t<img loading=\"lazy\" decoding=\"async\" class=\"skip-lazy\" src=\"https:\/\/diegowery.be\/wp-content\/uploads\/2025\/05\/E_EtPourquoiPasDeLaPoesie-\u00a9evajoncquel-scaled.jpg\" alt=\"E_EtPourquoiPasDeLaPoe\u0301sie-\u00a9evajoncquel\" width=\"1669\" height=\"2560\">\t\t<\/figure>\n\t<\/a>\n\t\t<\/div>\n<\/div>\n\t<div class=\"swiper-slide\">\n\t<div class=\"wpcp-single-item\">\n\t\t\t<a class=\"wcp-light-box\" data-buttons='[\"close\"]' data-wpc_url='https:\/\/diegowery.be\/wp-content\/uploads\/2025\/05\/C_EtPourquoiPasDeLaPoesie-\u00a9evajoncquel.jpg' href=\"https:\/\/diegowery.be\/wp-content\/uploads\/2025\/05\/C_EtPourquoiPasDeLaPoesie-\u00a9evajoncquel.jpg\" data-fancybox=\"wpcp_view\">\n\t\t<figure>\n\t\t\t<img loading=\"lazy\" decoding=\"async\" class=\"skip-lazy\" src=\"https:\/\/diegowery.be\/wp-content\/uploads\/2025\/05\/C_EtPourquoiPasDeLaPoesie-\u00a9evajoncquel.jpg\" alt=\"C_EtPourquoiPasDeLaPoe\u0301sie-\u00a9evajoncquel\" width=\"1181\" height=\"1691\">\t\t<\/figure>\n\t<\/a>\n\t\t<\/div>\n<\/div>\n\t<div class=\"swiper-slide\">\n\t<div class=\"wpcp-single-item\">\n\t\t\t<a class=\"wcp-light-box\" data-buttons='[\"close\"]' data-wpc_url='https:\/\/diegowery.be\/wp-content\/uploads\/2025\/05\/D_EtPourquoiPasDeLaPoesie-\u00a9evajoncquel.jpg' href=\"https:\/\/diegowery.be\/wp-content\/uploads\/2025\/05\/D_EtPourquoiPasDeLaPoesie-\u00a9evajoncquel.jpg\" data-fancybox=\"wpcp_view\">\n\t\t<figure>\n\t\t\t<img loading=\"lazy\" decoding=\"async\" class=\"skip-lazy\" src=\"https:\/\/diegowery.be\/wp-content\/uploads\/2025\/05\/D_EtPourquoiPasDeLaPoesie-\u00a9evajoncquel.jpg\" alt=\"D_EtPourquoiPasDeLaPoe\u0301sie-\u00a9evajoncquel\" width=\"1177\" height=\"1772\">\t\t<\/figure>\n\t<\/a>\n\t\t<\/div>\n<\/div>\n\t<div class=\"swiper-slide\">\n\t<div class=\"wpcp-single-item\">\n\t\t\t<a class=\"wcp-light-box\" data-buttons='[\"close\"]' data-wpc_url='https:\/\/diegowery.be\/wp-content\/uploads\/2025\/05\/F_EtPourquoiPasDeLaPoesie-\u00a9evajoncquel.jpg' href=\"https:\/\/diegowery.be\/wp-content\/uploads\/2025\/05\/F_EtPourquoiPasDeLaPoesie-\u00a9evajoncquel.jpg\" data-fancybox=\"wpcp_view\">\n\t\t<figure>\n\t\t\t<img loading=\"lazy\" decoding=\"async\" class=\"skip-lazy\" src=\"https:\/\/diegowery.be\/wp-content\/uploads\/2025\/05\/F_EtPourquoiPasDeLaPoesie-\u00a9evajoncquel.jpg\" alt=\"F_EtPourquoiPasDeLaPoe\u0301sie-\u00a9evajoncquel\" width=\"1181\" height=\"1772\">\t\t<\/figure>\n\t<\/a>\n\t\t<\/div>\n<\/div>\n\t\t\t<\/div>\n\t\t\t\t\t<div class=\"wpcp-swiper-dots swiper-pagination\"><\/div>\n\t\t\t\t<!-- If we need navigation buttons -->\n\t\t\t\t\t<div class=\"wpcp-prev-button swiper-button-prev\"><i class=\"fa fa-angle-left\"><\/i><\/div>\n\t\t\t<div class=\"wpcp-next-button swiper-button-next\"><i class=\"fa fa-angle-right\"><\/i><\/div>\n\t\t\t<\/div>\n\t<\/div>\n<\/div>\n<\/div><\/div>\n<\/div>\n<\/div>\n","protected":false},"excerpt":{"rendered":"<p>2020, duo show avec Arthur Delhaye, Transformeurs, Bruxelles Photo de Eva Joncquel<\/p>\n","protected":false},"author":1,"featured_media":0,"parent":0,"menu_order":0,"comment_status":"closed","ping_status":"closed","template":"","meta":{"footnotes":""},"class_list":["post-469","page","type-page","status-publish","hentry"],"yoast_head":"<!-- This site is optimized with the Yoast SEO plugin v27.1.1 - https:\/\/yoast.com\/product\/yoast-seo-wordpress\/ -->\n<title>Et pourquoi pas de la po\u00e9sie - Diego Wery<\/title>\n<meta name=\"robots\" content=\"index, follow, max-snippet:-1, max-image-preview:large, max-video-preview:-1\" \/>\n<link rel=\"canonical\" href=\"https:\/\/diegowery.be\/index.php\/et-pourquoi-pas-de-la-poesie\/\" \/>\n<meta property=\"og:locale\" content=\"fr_FR\" \/>\n<meta property=\"og:type\" content=\"article\" \/>\n<meta property=\"og:title\" content=\"Et pourquoi pas de la po\u00e9sie - Diego Wery\" \/>\n<meta property=\"og:description\" content=\"2020, duo show avec Arthur Delhaye, Transformeurs, Bruxelles Photo de Eva Joncquel\" \/>\n<meta property=\"og:url\" content=\"https:\/\/diegowery.be\/index.php\/et-pourquoi-pas-de-la-poesie\/\" \/>\n<meta property=\"og:site_name\" content=\"Diego Wery\" \/>\n<meta property=\"article:modified_time\" content=\"2025-05-19T17:46:16+00:00\" \/>\n<meta name=\"twitter:card\" content=\"summary_large_image\" \/>\n<meta name=\"twitter:label1\" content=\"Dur\u00e9e de lecture estim\u00e9e\" \/>\n\t<meta name=\"twitter:data1\" content=\"2 minutes\" \/>\n<script type=\"application\/ld+json\" class=\"yoast-schema-graph\">{\"@context\":\"https:\/\/schema.org\",\"@graph\":[{\"@type\":\"WebPage\",\"@id\":\"https:\/\/diegowery.be\/index.php\/et-pourquoi-pas-de-la-poesie\/\",\"url\":\"https:\/\/diegowery.be\/index.php\/et-pourquoi-pas-de-la-poesie\/\",\"name\":\"Et pourquoi pas de la po\u00e9sie - Diego Wery\",\"isPartOf\":{\"@id\":\"https:\/\/diegowery.be\/#website\"},\"datePublished\":\"2025-05-19T16:57:02+00:00\",\"dateModified\":\"2025-05-19T17:46:16+00:00\",\"breadcrumb\":{\"@id\":\"https:\/\/diegowery.be\/index.php\/et-pourquoi-pas-de-la-poesie\/#breadcrumb\"},\"inLanguage\":\"fr-FR\",\"potentialAction\":[{\"@type\":\"ReadAction\",\"target\":[\"https:\/\/diegowery.be\/index.php\/et-pourquoi-pas-de-la-poesie\/\"]}]},{\"@type\":\"BreadcrumbList\",\"@id\":\"https:\/\/diegowery.be\/index.php\/et-pourquoi-pas-de-la-poesie\/#breadcrumb\",\"itemListElement\":[{\"@type\":\"ListItem\",\"position\":1,\"name\":\"Accueil\",\"item\":\"https:\/\/diegowery.be\/\"},{\"@type\":\"ListItem\",\"position\":2,\"name\":\"Et pourquoi pas de la po\u00e9sie\"}]},{\"@type\":\"WebSite\",\"@id\":\"https:\/\/diegowery.be\/#website\",\"url\":\"https:\/\/diegowery.be\/\",\"name\":\"Diego Wery\",\"description\":\"Diego Wery, artiste plasticien\",\"publisher\":{\"@id\":\"https:\/\/diegowery.be\/#\/schema\/person\/d3dddb528a96b75f22e27bb91675245d\"},\"potentialAction\":[{\"@type\":\"SearchAction\",\"target\":{\"@type\":\"EntryPoint\",\"urlTemplate\":\"https:\/\/diegowery.be\/?s={search_term_string}\"},\"query-input\":{\"@type\":\"PropertyValueSpecification\",\"valueRequired\":true,\"valueName\":\"search_term_string\"}}],\"inLanguage\":\"fr-FR\"},{\"@type\":[\"Person\",\"Organization\"],\"@id\":\"https:\/\/diegowery.be\/#\/schema\/person\/d3dddb528a96b75f22e27bb91675245d\",\"name\":\"diego\",\"image\":{\"@type\":\"ImageObject\",\"inLanguage\":\"fr-FR\",\"@id\":\"https:\/\/diegowery.be\/#\/schema\/person\/image\/\",\"url\":\"https:\/\/diegowery.be\/wp-content\/uploads\/2025\/03\/Ado-conc-edited-1.jpg\",\"contentUrl\":\"https:\/\/diegowery.be\/wp-content\/uploads\/2025\/03\/Ado-conc-edited-1.jpg\",\"width\":665,\"height\":916,\"caption\":\"diego\"},\"logo\":{\"@id\":\"https:\/\/diegowery.be\/#\/schema\/person\/image\/\"},\"sameAs\":[\"http:\/\/diegowery.be\"]}]}<\/script>\n<!-- \/ Yoast SEO plugin. -->","yoast_head_json":{"title":"Et pourquoi pas de la po\u00e9sie - Diego Wery","robots":{"index":"index","follow":"follow","max-snippet":"max-snippet:-1","max-image-preview":"max-image-preview:large","max-video-preview":"max-video-preview:-1"},"canonical":"https:\/\/diegowery.be\/index.php\/et-pourquoi-pas-de-la-poesie\/","og_locale":"fr_FR","og_type":"article","og_title":"Et pourquoi pas de la po\u00e9sie - Diego Wery","og_description":"2020, duo show avec Arthur Delhaye, Transformeurs, Bruxelles Photo de Eva Joncquel","og_url":"https:\/\/diegowery.be\/index.php\/et-pourquoi-pas-de-la-poesie\/","og_site_name":"Diego Wery","article_modified_time":"2025-05-19T17:46:16+00:00","twitter_card":"summary_large_image","twitter_misc":{"Dur\u00e9e de lecture estim\u00e9e":"2 minutes"},"schema":{"@context":"https:\/\/schema.org","@graph":[{"@type":"WebPage","@id":"https:\/\/diegowery.be\/index.php\/et-pourquoi-pas-de-la-poesie\/","url":"https:\/\/diegowery.be\/index.php\/et-pourquoi-pas-de-la-poesie\/","name":"Et pourquoi pas de la po\u00e9sie - Diego Wery","isPartOf":{"@id":"https:\/\/diegowery.be\/#website"},"datePublished":"2025-05-19T16:57:02+00:00","dateModified":"2025-05-19T17:46:16+00:00","breadcrumb":{"@id":"https:\/\/diegowery.be\/index.php\/et-pourquoi-pas-de-la-poesie\/#breadcrumb"},"inLanguage":"fr-FR","potentialAction":[{"@type":"ReadAction","target":["https:\/\/diegowery.be\/index.php\/et-pourquoi-pas-de-la-poesie\/"]}]},{"@type":"BreadcrumbList","@id":"https:\/\/diegowery.be\/index.php\/et-pourquoi-pas-de-la-poesie\/#breadcrumb","itemListElement":[{"@type":"ListItem","position":1,"name":"Accueil","item":"https:\/\/diegowery.be\/"},{"@type":"ListItem","position":2,"name":"Et pourquoi pas de la po\u00e9sie"}]},{"@type":"WebSite","@id":"https:\/\/diegowery.be\/#website","url":"https:\/\/diegowery.be\/","name":"Diego Wery","description":"Diego Wery, artiste plasticien","publisher":{"@id":"https:\/\/diegowery.be\/#\/schema\/person\/d3dddb528a96b75f22e27bb91675245d"},"potentialAction":[{"@type":"SearchAction","target":{"@type":"EntryPoint","urlTemplate":"https:\/\/diegowery.be\/?s={search_term_string}"},"query-input":{"@type":"PropertyValueSpecification","valueRequired":true,"valueName":"search_term_string"}}],"inLanguage":"fr-FR"},{"@type":["Person","Organization"],"@id":"https:\/\/diegowery.be\/#\/schema\/person\/d3dddb528a96b75f22e27bb91675245d","name":"diego","image":{"@type":"ImageObject","inLanguage":"fr-FR","@id":"https:\/\/diegowery.be\/#\/schema\/person\/image\/","url":"https:\/\/diegowery.be\/wp-content\/uploads\/2025\/03\/Ado-conc-edited-1.jpg","contentUrl":"https:\/\/diegowery.be\/wp-content\/uploads\/2025\/03\/Ado-conc-edited-1.jpg","width":665,"height":916,"caption":"diego"},"logo":{"@id":"https:\/\/diegowery.be\/#\/schema\/person\/image\/"},"sameAs":["http:\/\/diegowery.be"]}]}},"_links":{"self":[{"href":"https:\/\/diegowery.be\/index.php\/wp-json\/wp\/v2\/pages\/469","targetHints":{"allow":["GET"]}}],"collection":[{"href":"https:\/\/diegowery.be\/index.php\/wp-json\/wp\/v2\/pages"}],"about":[{"href":"https:\/\/diegowery.be\/index.php\/wp-json\/wp\/v2\/types\/page"}],"author":[{"embeddable":true,"href":"https:\/\/diegowery.be\/index.php\/wp-json\/wp\/v2\/users\/1"}],"replies":[{"embeddable":true,"href":"https:\/\/diegowery.be\/index.php\/wp-json\/wp\/v2\/comments?post=469"}],"version-history":[{"count":6,"href":"https:\/\/diegowery.be\/index.php\/wp-json\/wp\/v2\/pages\/469\/revisions"}],"predecessor-version":[{"id":518,"href":"https:\/\/diegowery.be\/index.php\/wp-json\/wp\/v2\/pages\/469\/revisions\/518"}],"wp:attachment":[{"href":"https:\/\/diegowery.be\/index.php\/wp-json\/wp\/v2\/media?parent=469"}],"curies":[{"name":"wp","href":"https:\/\/api.w.org\/{rel}","templated":true}]}}