{"id":454,"date":"2025-05-19T18:29:47","date_gmt":"2025-05-19T16:29:47","guid":{"rendered":"https:\/\/diegowery.be\/?page_id=454"},"modified":"2025-05-19T18:54:02","modified_gmt":"2025-05-19T16:54:02","slug":"le-couple-ou-son-double","status":"publish","type":"page","link":"https:\/\/diegowery.be\/index.php\/le-couple-ou-son-double\/","title":{"rendered":"Le couple ou son double"},"content":{"rendered":"\n<p>2020 &#8211; 2022<\/p>\n\n\n\n<div class=\"wp-block-columns is-layout-flex wp-container-core-columns-is-layout-28f84493 wp-block-columns-is-layout-flex\">\n<div class=\"wp-block-column is-layout-flow wp-block-column-is-layout-flow\" style=\"flex-basis:66.66%\">\n<div style=\"height:25px\" aria-hidden=\"true\" class=\"wp-block-spacer\"><\/div>\n<\/div>\n\n\n\n<div class=\"wp-block-column is-layout-flow wp-block-column-is-layout-flow\" style=\"flex-basis:33.33%\">\n<div class=\"wp-block-buttons is-content-justification-right is-layout-flex wp-container-core-buttons-is-layout-d445cf74 wp-block-buttons-is-layout-flex\">\n<div class=\"wp-block-button has-custom-width wp-block-button__width-100 is-style-outline is-style-outline--1\"><a class=\"wp-block-button__link has-small-font-size has-text-align-center has-custom-font-size wp-element-button\" href=\"https:\/\/diegowery.be\/index.php\/les-images-masculines\/\">Projet suivant<\/a><\/div>\n<\/div>\n<\/div>\n<\/div>\n\n\n\n<div class=\"wp-block-columns is-layout-flex wp-container-core-columns-is-layout-28f84493 wp-block-columns-is-layout-flex\">\n<div class=\"wp-block-column is-layout-flow wp-block-column-is-layout-flow\">\n<details class=\"wp-block-details is-layout-flow wp-block-details-is-layout-flow\"><summary>Texte: <br><\/summary>\n<p>La s\u00e9rie sur le couple s\u2019est r\u00e9alis\u00e9e sans que je m\u2019en aper\u00e7oive, tant le sujet revenait r\u00e9guli\u00e8rement dans mes toiles. Cette s\u00e9rie aborde \u00e0 la fois le couple au sens propre (un homme et une femme) et au sens figur\u00e9 (l\u2019endophasie).<\/p>\n\n\n\n<p>Il s\u2019agit de couples masculins et f\u00e9minins qui se portent mutuellement, parfois se supportent. Paradoxalement, il existe une douceur et une complicit\u00e9 l\u2019un envers l\u2019autre. Le couple amoureux, ou d\u2019autres formes de bin\u00f4me, constitue le fondement d\u2019une soci\u00e9t\u00e9. Se d\u00e9finir en tant que tel peut \u00eatre \u00e0 la fois si simple et si complexe, et cela nous am\u00e8ne \u00e0 r\u00e9inventer le couple \u00e0 travers les longues histoires qui l\u2019entourent.<\/p>\n\n\n\n<p>Le bin\u00f4me repr\u00e9sente \u00e9galement le dialogue int\u00e9rieur que l\u2019on entretient tout au long de sa vie : l\u2019endophasie. Dans certaines de ces toiles, ce dialogue s\u2019interpr\u00e8te entre soi (la mani\u00e8re dont on se pr\u00e9sente au monde) et un alter ego (une cr\u00e9ature invent\u00e9e repr\u00e9sentant une \u00e9motion), selon le type de dialogue.<\/p>\n\n\n\n<p><br><\/p>\n<\/details>\n\n\n\n<p>Photo de Eva Joncquel et Salim Santa Lucia<\/p>\n\n\n\n<div style=\"height:55px\" aria-hidden=\"true\" class=\"wp-block-spacer\"><\/div>\n\n\n\n<div class=\"wp-block-group alignwide has-global-padding is-layout-constrained wp-block-group-is-layout-constrained\"><div ><style id=\"wp_carousel_dynamic_css459\">#sp-wp-carousel-free-id-459 .wpcp-swiper-dots {margin: 40px 0px 0px 0px;}.wpcp-wrapper-459 .swiper-wrapper .swiper-slide-kenburn, .wpcp-wrapper-459 .swiper-wrapper, .wpcp-wrapper-459 .wpcpro-row{align-items: center;}#sp-wp-carousel-free-id-459 .wpcp-single-item {box-shadow: 0px 0px 0px 0px #dddddd;transition: all .3s;margin: 0px;}#sp-wp-carousel-free-id-459.swiper-flip .wpcp-single-item{margin: 0!important;}#sp-wp-carousel-free-id-459 .wpcp-single-item:hover {box-shadow: 0px 0px 0px 0px #dddddd;}#sp-wp-carousel-free-id-459.sp-wpcp-459 .wpcp-single-item {border: 1px solid #dddddd;}#sp-wp-carousel-free-id-459.sp-wpcp-459 .swiper-button-prev,#sp-wp-carousel-free-id-459.sp-wpcp-459 .swiper-button-next,#sp-wp-carousel-free-id-459.sp-wpcp-459 .swiper-button-prev:hover,#sp-wp-carousel-free-id-459.sp-wpcp-459 .swiper-button-next:hover {background: none;border: none;font-size: 30px;}#sp-wp-carousel-free-id-459.sp-wpcp-459 .swiper-button-prev i,#sp-wp-carousel-free-id-459.sp-wpcp-459 .swiper-button-next i {color: #aaa;}#sp-wp-carousel-free-id-459.sp-wpcp-459 .swiper-button-prev i:hover,#sp-wp-carousel-free-id-459.sp-wpcp-459 .swiper-button-next i:hover {color: #178087;}#sp-wp-carousel-free-id-459.sp-wpcp-459 .wpcp-swiper-dots .swiper-pagination-bullet {background-color: #cccccc;}#sp-wp-carousel-free-id-459.sp-wpcp-459 .wpcp-swiper-dots .swiper-pagination-bullet.swiper-pagination-bullet-active {background-color: #178087;} #sp-wp-carousel-free-id-459.sp-wpcp-459.wpcp-image-carousel .wpcp-single-item:hover img, #sp-wp-carousel-free-id-459.sp-wpcp-459.wpcp-post-carousel .wpcp-single-item:hover img, #sp-wp-carousel-free-id-459.sp-wpcp-459.wpcp-product-carousel .wpcp-single-item:hover img{-webkit-transform: scale(1.2);-moz-transform: scale(1.2);transform: scale(1.2);}#sp-wp-carousel-free-id-459 .wpcpro-row>[class*=\"wpcpro-col-\"] { padding: 0 10px; padding-bottom: 20px;} #sp-wp-carousel-free-id-459 .swiper-slide .single-item-fade:not(:last-child) { margin-right: 20px;}@media (min-width: 480px) { .wpcpro-row .wpcpro-col-sm-1 { flex: 0 0 100%; max-width: 100%; } .wpcpro-row .wpcpro-col-sm-2 { flex: 0 0 50%; max-width: 50%; } .wpcpro-row .wpcpro-col-sm-2-5 { flex: 0 0 75%; max-width: 75%; } .wpcpro-row .wpcpro-col-sm-3 { flex: 0 0 33.333%; max-width: 33.333%; } .wpcpro-row .wpcpro-col-sm-4 { flex: 0 0 25%; max-width: 25%; } .wpcpro-row .wpcpro-col-sm-5 { flex: 0 0 20%; max-width: 20%; } .wpcpro-row .wpcpro-col-sm-6 { flex: 0 0 16.66666666666667%; max-width: 16.66666666666667%; } .wpcpro-row .wpcpro-col-sm-7 { flex: 0 0 14.28571428%; max-width: 14.28571428%; } .wpcpro-row .wpcpro-col-sm-8 { flex: 0 0 12.5%; max-width: 12.5%; } } @media (max-width: 480px) { .wpcpro-row .wpcpro-col-xs-1 { flex: 0 0 100%; max-width: 100%; } .wpcpro-row .wpcpro-col-xs-2 { flex: 0 0 50%; max-width: 50%; } .wpcpro-row .wpcpro-col-xs-3 { flex: 0 0 33.222%; max-width: 33.222%; } .wpcpro-row .wpcpro-col-xs-4 { flex: 0 0 25%; max-width: 25%; } .wpcpro-row .wpcpro-col-xs-5 { flex: 0 0 20%; max-width: 20%; } .wpcpro-row .wpcpro-col-xs-6 { flex: 0 0 16.6667%; max-width: 16.6667%; } .wpcpro-row .wpcpro-col-xs-7 { flex: 0 0 14.28571428%; max-width: 14.28571428%; } .wpcpro-row .wpcpro-col-xs-8 { flex: 0 0 12.5%; max-width: 12.5%; } } @media (min-width: 736px) { .wpcpro-row .wpcpro-col-md-1 { flex: 0 0 100%; max-width: 100%; } .wpcpro-row .wpcpro-col-md-2 { flex: 0 0 50%; max-width: 50%; } .wpcpro-row .wpcpro-col-md-2-5 { flex: 0 0 75%; max-width: 75%; } .wpcpro-row .wpcpro-col-md-3 { flex: 0 0 33.333%; max-width: 33.333%; } .wpcpro-row .wpcpro-col-md-4 { flex: 0 0 25%; max-width: 25%; } .wpcpro-row .wpcpro-col-md-5 { flex: 0 0 20%; max-width: 20%; } .wpcpro-row .wpcpro-col-md-6 { flex: 0 0 16.66666666666667%; max-width: 16.66666666666667%; } .wpcpro-row .wpcpro-col-md-7 { flex: 0 0 14.28571428%; max-width: 14.28571428%; } .wpcpro-row .wpcpro-col-md-8 { flex: 0 0 12.5%; max-width: 12.5%; } } @media (min-width: 980px) { .wpcpro-row .wpcpro-col-lg-1 { flex: 0 0 100%; max-width: 100%; } .wpcpro-row .wpcpro-col-lg-2 { flex: 0 0 50%; max-width: 50%; } .wpcpro-row .wpcpro-col-lg-3 { flex: 0 0 33.222%; max-width: 33.222%; } .wpcpro-row .wpcpro-col-lg-4 { flex: 0 0 25%; max-width: 25%; } .wpcpro-row .wpcpro-col-lg-5 { flex: 0 0 20%; max-width: 20%; } .wpcpro-row .wpcpro-col-lg-6 { flex: 0 0 16.6667%; max-width: 16.6667%; } .wpcpro-row .wpcpro-col-lg-7 { flex: 0 0 14.28571428%; max-width: 14.28571428%; } .wpcpro-row .wpcpro-col-lg-8 { flex: 0 0 12.5%; max-width: 12.5%; } } @media (min-width: 1200px) { .wpcpro-row .wpcpro-col-xl-1 { flex: 0 0 100%; max-width: 100%; } .wpcpro-row .wpcpro-col-xl-2 { flex: 0 0 50%; max-width: 50%; } .wpcpro-row .wpcpro-col-xl-3 { flex: 0 0 33.22222222%; max-width: 33.22222222%; } .wpcpro-row .wpcpro-col-xl-4 { flex: 0 0 25%; max-width: 25%; } .wpcpro-row .wpcpro-col-xl-5 { flex: 0 0 20%; max-width: 20%; } .wpcpro-row .wpcpro-col-xl-6 { flex: 0 0 16.66667%; max-width: 16.66667%; } .wpcpro-row .wpcpro-col-xl-7 { flex: 0 0 14.28571428%; max-width: 14.28571428%; } .wpcpro-row .wpcpro-col-xl-8 { flex: 0 0 12.5%; max-width: 12.5%; } }<\/style><div class=\"wpcp-carousel-wrapper wpcp-wrapper-459\">\n\t<div id=\"wpcp-preloader-459\" class=\"wpcp-carousel-preloader\"><img decoding=\"async\" src=\"https:\/\/diegowery.be\/wp-content\/plugins\/wp-carousel-free\/public\/css\/spinner.svg\" alt=\"Preloader Image\" \/><\/div>\t<div class=\"wpcp-carousel-content-wrapper\">\n\t<div id=\"sp-wp-carousel-free-id-459\" class=\"wpcp-carousel-section sp-wpcp-459  nav-vertical-center wpcp-image-carousel wpcp-preloader wpcp-standard\" data-swiper='{ &quot;accessibility&quot;:true, &quot;spaceBetween&quot;:20, &quot;arrows&quot;:true, &quot;freeMode&quot;: false, &quot;autoplay&quot;:false, &quot;effect&quot;: &quot;&quot;, &quot;centerMode&quot;: false, &quot;autoplaySpeed&quot;:3000, &quot;dots&quot;:true, &quot;infinite&quot;:true, &quot;speed&quot;:600, &quot;pauseOnHover&quot;:true,\n\t\t\t&quot;slidesToShow&quot;:{&quot;lg_desktop&quot;:2, &quot;desktop&quot;: 2, &quot;laptop&quot;: 2, &quot;tablet&quot;: 2, &quot;mobile&quot;: 1}, &quot;responsive&quot;:{&quot;desktop&quot;:1200, &quot;laptop&quot;: 980, &quot;tablet&quot;: 736, &quot;mobile&quot;: 480}, &quot;rtl&quot;:false, &quot;lazyLoad&quot;: &quot;false&quot;, &quot;swipe&quot;: true, &quot;draggable&quot;: true, &quot;swipeToSlide&quot;:false }' dir=\"ltr\">\n\t\t<div class=\"swiper-wrapper\">\n\t\t<div class=\"swiper-slide\">\n\t<div class=\"wpcp-single-item\">\n\t\t\t<a class=\"wcp-light-box\" data-buttons='[\"close\"]' data-wpc_url='https:\/\/diegowery.be\/wp-content\/uploads\/2025\/03\/Cameleon-scaled.jpg' href=\"https:\/\/diegowery.be\/wp-content\/uploads\/2025\/03\/Cameleon-scaled.jpg\" data-fancybox=\"wpcp_view\">\n\t\t<figure>\n\t\t\t<img loading=\"lazy\" decoding=\"async\" class=\"skip-lazy\" src=\"https:\/\/diegowery.be\/wp-content\/uploads\/2025\/03\/Cameleon-scaled.jpg\" alt=\"Cameleon\" width=\"2560\" height=\"1707\">\t\t<\/figure>\n\t<\/a>\n\t\t<\/div>\n<\/div>\n\t<div class=\"swiper-slide\">\n\t<div class=\"wpcp-single-item\">\n\t\t\t<a class=\"wcp-light-box\" data-buttons='[\"close\"]' data-wpc_url='https:\/\/diegowery.be\/wp-content\/uploads\/2025\/03\/07_2022_DIEGO-WERY_LIRONIE-DU-SORT_GALERIE-VALERIA-CETRARO_photo-Salim-Santa-Lucia_SSL_6483_2000px-2.jpg' href=\"https:\/\/diegowery.be\/wp-content\/uploads\/2025\/03\/07_2022_DIEGO-WERY_LIRONIE-DU-SORT_GALERIE-VALERIA-CETRARO_photo-Salim-Santa-Lucia_SSL_6483_2000px-2.jpg\" data-fancybox=\"wpcp_view\">\n\t\t<figure>\n\t\t\t<img loading=\"lazy\" decoding=\"async\" class=\"skip-lazy\" src=\"https:\/\/diegowery.be\/wp-content\/uploads\/2025\/03\/07_2022_DIEGO-WERY_LIRONIE-DU-SORT_GALERIE-VALERIA-CETRARO_photo-Salim-Santa-Lucia_SSL_6483_2000px-2.jpg\" alt=\"07_2022_DIEGO-WERY_L'IRONIE-DU-SORT_GALERIE-VALERIA-CETRARO_photo-Salim-Santa-Lucia_SSL_6483_2000px\" width=\"1333\" height=\"2000\">\t\t<\/figure>\n\t<\/a>\n\t\t<\/div>\n<\/div>\n\t<div class=\"swiper-slide\">\n\t<div class=\"wpcp-single-item\">\n\t\t\t<a class=\"wcp-light-box\" data-buttons='[\"close\"]' data-wpc_url='https:\/\/diegowery.be\/wp-content\/uploads\/2025\/03\/escargo-scaled.jpg' href=\"https:\/\/diegowery.be\/wp-content\/uploads\/2025\/03\/escargo-scaled.jpg\" data-fancybox=\"wpcp_view\">\n\t\t<figure>\n\t\t\t<img loading=\"lazy\" decoding=\"async\" class=\"skip-lazy\" src=\"https:\/\/diegowery.be\/wp-content\/uploads\/2025\/03\/escargo-scaled.jpg\" alt=\"\" width=\"1885\" height=\"2560\">\t\t<\/figure>\n\t<\/a>\n\t\t<\/div>\n<\/div>\n\t<div class=\"swiper-slide\">\n\t<div class=\"wpcp-single-item\">\n\t\t\t<a class=\"wcp-light-box\" data-buttons='[\"close\"]' data-wpc_url='https:\/\/diegowery.be\/wp-content\/uploads\/2025\/03\/AdnaEva-scaled.jpg' href=\"https:\/\/diegowery.be\/wp-content\/uploads\/2025\/03\/AdnaEva-scaled.jpg\" data-fancybox=\"wpcp_view\">\n\t\t<figure>\n\t\t\t<img loading=\"lazy\" decoding=\"async\" class=\"skip-lazy\" src=\"https:\/\/diegowery.be\/wp-content\/uploads\/2025\/03\/AdnaEva-scaled.jpg\" alt=\"AdnaEva\" width=\"1832\" height=\"2560\">\t\t<\/figure>\n\t<\/a>\n\t\t<\/div>\n<\/div>\n\t<div class=\"swiper-slide\">\n\t<div class=\"wpcp-single-item\">\n\t\t\t<a class=\"wcp-light-box\" data-buttons='[\"close\"]' data-wpc_url='https:\/\/diegowery.be\/wp-content\/uploads\/2025\/05\/diego-Vamefaireunsteak-6-scaled.jpg' href=\"https:\/\/diegowery.be\/wp-content\/uploads\/2025\/05\/diego-Vamefaireunsteak-6-scaled.jpg\" data-fancybox=\"wpcp_view\">\n\t\t<figure>\n\t\t\t<img loading=\"lazy\" decoding=\"async\" class=\"skip-lazy\" src=\"https:\/\/diegowery.be\/wp-content\/uploads\/2025\/05\/diego-Vamefaireunsteak-6-scaled.jpg\" alt=\"diego - Vamefaireunsteak-6\" width=\"1707\" height=\"2560\">\t\t<\/figure>\n\t<\/a>\n\t\t<\/div>\n<\/div>\n\t<div class=\"swiper-slide\">\n\t<div class=\"wpcp-single-item\">\n\t\t\t<a class=\"wcp-light-box\" data-buttons='[\"close\"]' data-wpc_url='https:\/\/diegowery.be\/wp-content\/uploads\/2025\/03\/11_2022_DIEGO-WERY_LIRONIE-DU-SORT_GALERIE-VALERIA-CETRARO_photo-Salim-Santa-Lucia_SSL_6484_2000px-2.jpg' href=\"https:\/\/diegowery.be\/wp-content\/uploads\/2025\/03\/11_2022_DIEGO-WERY_LIRONIE-DU-SORT_GALERIE-VALERIA-CETRARO_photo-Salim-Santa-Lucia_SSL_6484_2000px-2.jpg\" data-fancybox=\"wpcp_view\">\n\t\t<figure>\n\t\t\t<img loading=\"lazy\" decoding=\"async\" class=\"skip-lazy\" src=\"https:\/\/diegowery.be\/wp-content\/uploads\/2025\/03\/11_2022_DIEGO-WERY_LIRONIE-DU-SORT_GALERIE-VALERIA-CETRARO_photo-Salim-Santa-Lucia_SSL_6484_2000px-2.jpg\" alt=\"11_2022_DIEGO-WERY_L'IRONIE-DU-SORT_GALERIE-VALERIA-CETRARO_photo-Salim-Santa-Lucia_SSL_6484_2000px\" width=\"1333\" height=\"2000\">\t\t<\/figure>\n\t<\/a>\n\t\t<\/div>\n<\/div>\n\t<div class=\"swiper-slide\">\n\t<div class=\"wpcp-single-item\">\n\t\t\t<a class=\"wcp-light-box\" data-buttons='[\"close\"]' data-wpc_url='https:\/\/diegowery.be\/wp-content\/uploads\/2025\/03\/13_2022_DIEGO-WERY_LIRONIE-DU-SORT_GALERIE-VALERIA-CETRARO_photo-Salim-Santa-Lucia_SSL_6495_2000px-2.jpg' href=\"https:\/\/diegowery.be\/wp-content\/uploads\/2025\/03\/13_2022_DIEGO-WERY_LIRONIE-DU-SORT_GALERIE-VALERIA-CETRARO_photo-Salim-Santa-Lucia_SSL_6495_2000px-2.jpg\" data-fancybox=\"wpcp_view\">\n\t\t<figure>\n\t\t\t<img loading=\"lazy\" decoding=\"async\" class=\"skip-lazy\" src=\"https:\/\/diegowery.be\/wp-content\/uploads\/2025\/03\/13_2022_DIEGO-WERY_LIRONIE-DU-SORT_GALERIE-VALERIA-CETRARO_photo-Salim-Santa-Lucia_SSL_6495_2000px-2.jpg\" alt=\"13_2022_DIEGO-WERY_L'IRONIE-DU-SORT_GALERIE-VALERIA-CETRARO_photo-Salim-Santa-Lucia_SSL_6495_2000px\" width=\"1333\" height=\"2000\">\t\t<\/figure>\n\t<\/a>\n\t\t<\/div>\n<\/div>\n\t<div class=\"swiper-slide\">\n\t<div class=\"wpcp-single-item\">\n\t\t\t<a class=\"wcp-light-box\" data-buttons='[\"close\"]' data-wpc_url='https:\/\/diegowery.be\/wp-content\/uploads\/2025\/03\/Couple_ideale-\u00a9evajoncquel-1661-scaled.jpg' href=\"https:\/\/diegowery.be\/wp-content\/uploads\/2025\/03\/Couple_ideale-\u00a9evajoncquel-1661-scaled.jpg\" data-fancybox=\"wpcp_view\">\n\t\t<figure>\n\t\t\t<img loading=\"lazy\" decoding=\"async\" class=\"skip-lazy\" src=\"https:\/\/diegowery.be\/wp-content\/uploads\/2025\/03\/Couple_ideale-\u00a9evajoncquel-1661-scaled.jpg\" alt=\"Le couple id\u00e9ale 2021, huile sur toile, 130 x 180 cm\" width=\"1733\" height=\"2560\">\t\t<\/figure>\n\t<\/a>\n\t\t<\/div>\n<\/div>\n\t<div class=\"swiper-slide\">\n\t<div class=\"wpcp-single-item\">\n\t\t\t<a class=\"wcp-light-box\" data-buttons='[\"close\"]' data-wpc_url='https:\/\/diegowery.be\/wp-content\/uploads\/2025\/03\/masculinite-11-scaled.jpg' href=\"https:\/\/diegowery.be\/wp-content\/uploads\/2025\/03\/masculinite-11-scaled.jpg\" data-fancybox=\"wpcp_view\">\n\t\t<figure>\n\t\t\t<img loading=\"lazy\" decoding=\"async\" class=\"skip-lazy\" src=\"https:\/\/diegowery.be\/wp-content\/uploads\/2025\/03\/masculinite-11-scaled.jpg\" alt=\"\" width=\"1707\" height=\"2560\">\t\t<\/figure>\n\t<\/a>\n\t\t<\/div>\n<\/div>\n\t<div class=\"swiper-slide\">\n\t<div class=\"wpcp-single-item\">\n\t\t\t<a class=\"wcp-light-box\" data-buttons='[\"close\"]' data-wpc_url='https:\/\/diegowery.be\/wp-content\/uploads\/2025\/04\/DSC1977_low-scaled.jpg' href=\"https:\/\/diegowery.be\/wp-content\/uploads\/2025\/04\/DSC1977_low-scaled.jpg\" data-fancybox=\"wpcp_view\">\n\t\t<figure>\n\t\t\t<img loading=\"lazy\" decoding=\"async\" class=\"skip-lazy\" src=\"https:\/\/diegowery.be\/wp-content\/uploads\/2025\/04\/DSC1977_low-scaled.jpg\" alt=\"\" width=\"1709\" height=\"2560\">\t\t<\/figure>\n\t<\/a>\n\t\t<\/div>\n<\/div>\n\t\t\t<\/div>\n\t\t\t\t\t<div class=\"wpcp-swiper-dots swiper-pagination\"><\/div>\n\t\t\t\t<!-- If we need navigation buttons -->\n\t\t\t\t\t<div class=\"wpcp-prev-button swiper-button-prev\"><i class=\"fa fa-angle-left\"><\/i><\/div>\n\t\t\t<div class=\"wpcp-next-button swiper-button-next\"><i class=\"fa fa-angle-right\"><\/i><\/div>\n\t\t\t<\/div>\n\t<\/div>\n<\/div>\n<\/div><\/div>\n<\/div>\n<\/div>\n","protected":false},"excerpt":{"rendered":"<p>2020 &#8211; 2022 Photo de Eva Joncquel et Salim Santa Lucia<\/p>\n","protected":false},"author":1,"featured_media":0,"parent":0,"menu_order":0,"comment_status":"closed","ping_status":"closed","template":"","meta":{"footnotes":""},"class_list":["post-454","page","type-page","status-publish","hentry"],"yoast_head":"<!-- This site is optimized with the Yoast SEO plugin v27.1.1 - https:\/\/yoast.com\/product\/yoast-seo-wordpress\/ -->\n<title>Le couple ou son double - Diego Wery<\/title>\n<meta name=\"robots\" content=\"index, follow, max-snippet:-1, max-image-preview:large, max-video-preview:-1\" \/>\n<link rel=\"canonical\" href=\"https:\/\/diegowery.be\/index.php\/le-couple-ou-son-double\/\" \/>\n<meta property=\"og:locale\" content=\"fr_FR\" \/>\n<meta property=\"og:type\" content=\"article\" \/>\n<meta property=\"og:title\" content=\"Le couple ou son double - Diego Wery\" \/>\n<meta property=\"og:description\" content=\"2020 &#8211; 2022 Photo de Eva Joncquel et Salim Santa Lucia\" \/>\n<meta property=\"og:url\" content=\"https:\/\/diegowery.be\/index.php\/le-couple-ou-son-double\/\" \/>\n<meta property=\"og:site_name\" content=\"Diego Wery\" \/>\n<meta property=\"article:modified_time\" content=\"2025-05-19T16:54:02+00:00\" \/>\n<meta name=\"twitter:card\" content=\"summary_large_image\" \/>\n<meta name=\"twitter:label1\" content=\"Dur\u00e9e de lecture estim\u00e9e\" \/>\n\t<meta name=\"twitter:data1\" content=\"1 minute\" \/>\n<script type=\"application\/ld+json\" class=\"yoast-schema-graph\">{\"@context\":\"https:\/\/schema.org\",\"@graph\":[{\"@type\":\"WebPage\",\"@id\":\"https:\/\/diegowery.be\/index.php\/le-couple-ou-son-double\/\",\"url\":\"https:\/\/diegowery.be\/index.php\/le-couple-ou-son-double\/\",\"name\":\"Le couple ou son double - Diego Wery\",\"isPartOf\":{\"@id\":\"https:\/\/diegowery.be\/#website\"},\"datePublished\":\"2025-05-19T16:29:47+00:00\",\"dateModified\":\"2025-05-19T16:54:02+00:00\",\"breadcrumb\":{\"@id\":\"https:\/\/diegowery.be\/index.php\/le-couple-ou-son-double\/#breadcrumb\"},\"inLanguage\":\"fr-FR\",\"potentialAction\":[{\"@type\":\"ReadAction\",\"target\":[\"https:\/\/diegowery.be\/index.php\/le-couple-ou-son-double\/\"]}]},{\"@type\":\"BreadcrumbList\",\"@id\":\"https:\/\/diegowery.be\/index.php\/le-couple-ou-son-double\/#breadcrumb\",\"itemListElement\":[{\"@type\":\"ListItem\",\"position\":1,\"name\":\"Accueil\",\"item\":\"https:\/\/diegowery.be\/\"},{\"@type\":\"ListItem\",\"position\":2,\"name\":\"Le couple ou son double\"}]},{\"@type\":\"WebSite\",\"@id\":\"https:\/\/diegowery.be\/#website\",\"url\":\"https:\/\/diegowery.be\/\",\"name\":\"Diego Wery\",\"description\":\"Diego Wery, artiste plasticien\",\"publisher\":{\"@id\":\"https:\/\/diegowery.be\/#\/schema\/person\/d3dddb528a96b75f22e27bb91675245d\"},\"potentialAction\":[{\"@type\":\"SearchAction\",\"target\":{\"@type\":\"EntryPoint\",\"urlTemplate\":\"https:\/\/diegowery.be\/?s={search_term_string}\"},\"query-input\":{\"@type\":\"PropertyValueSpecification\",\"valueRequired\":true,\"valueName\":\"search_term_string\"}}],\"inLanguage\":\"fr-FR\"},{\"@type\":[\"Person\",\"Organization\"],\"@id\":\"https:\/\/diegowery.be\/#\/schema\/person\/d3dddb528a96b75f22e27bb91675245d\",\"name\":\"diego\",\"image\":{\"@type\":\"ImageObject\",\"inLanguage\":\"fr-FR\",\"@id\":\"https:\/\/diegowery.be\/#\/schema\/person\/image\/\",\"url\":\"https:\/\/diegowery.be\/wp-content\/uploads\/2025\/03\/Ado-conc-edited-1.jpg\",\"contentUrl\":\"https:\/\/diegowery.be\/wp-content\/uploads\/2025\/03\/Ado-conc-edited-1.jpg\",\"width\":665,\"height\":916,\"caption\":\"diego\"},\"logo\":{\"@id\":\"https:\/\/diegowery.be\/#\/schema\/person\/image\/\"},\"sameAs\":[\"http:\/\/diegowery.be\"]}]}<\/script>\n<!-- \/ Yoast SEO plugin. -->","yoast_head_json":{"title":"Le couple ou son double - Diego Wery","robots":{"index":"index","follow":"follow","max-snippet":"max-snippet:-1","max-image-preview":"max-image-preview:large","max-video-preview":"max-video-preview:-1"},"canonical":"https:\/\/diegowery.be\/index.php\/le-couple-ou-son-double\/","og_locale":"fr_FR","og_type":"article","og_title":"Le couple ou son double - Diego Wery","og_description":"2020 &#8211; 2022 Photo de Eva Joncquel et Salim Santa Lucia","og_url":"https:\/\/diegowery.be\/index.php\/le-couple-ou-son-double\/","og_site_name":"Diego Wery","article_modified_time":"2025-05-19T16:54:02+00:00","twitter_card":"summary_large_image","twitter_misc":{"Dur\u00e9e de lecture estim\u00e9e":"1 minute"},"schema":{"@context":"https:\/\/schema.org","@graph":[{"@type":"WebPage","@id":"https:\/\/diegowery.be\/index.php\/le-couple-ou-son-double\/","url":"https:\/\/diegowery.be\/index.php\/le-couple-ou-son-double\/","name":"Le couple ou son double - Diego Wery","isPartOf":{"@id":"https:\/\/diegowery.be\/#website"},"datePublished":"2025-05-19T16:29:47+00:00","dateModified":"2025-05-19T16:54:02+00:00","breadcrumb":{"@id":"https:\/\/diegowery.be\/index.php\/le-couple-ou-son-double\/#breadcrumb"},"inLanguage":"fr-FR","potentialAction":[{"@type":"ReadAction","target":["https:\/\/diegowery.be\/index.php\/le-couple-ou-son-double\/"]}]},{"@type":"BreadcrumbList","@id":"https:\/\/diegowery.be\/index.php\/le-couple-ou-son-double\/#breadcrumb","itemListElement":[{"@type":"ListItem","position":1,"name":"Accueil","item":"https:\/\/diegowery.be\/"},{"@type":"ListItem","position":2,"name":"Le couple ou son double"}]},{"@type":"WebSite","@id":"https:\/\/diegowery.be\/#website","url":"https:\/\/diegowery.be\/","name":"Diego Wery","description":"Diego Wery, artiste plasticien","publisher":{"@id":"https:\/\/diegowery.be\/#\/schema\/person\/d3dddb528a96b75f22e27bb91675245d"},"potentialAction":[{"@type":"SearchAction","target":{"@type":"EntryPoint","urlTemplate":"https:\/\/diegowery.be\/?s={search_term_string}"},"query-input":{"@type":"PropertyValueSpecification","valueRequired":true,"valueName":"search_term_string"}}],"inLanguage":"fr-FR"},{"@type":["Person","Organization"],"@id":"https:\/\/diegowery.be\/#\/schema\/person\/d3dddb528a96b75f22e27bb91675245d","name":"diego","image":{"@type":"ImageObject","inLanguage":"fr-FR","@id":"https:\/\/diegowery.be\/#\/schema\/person\/image\/","url":"https:\/\/diegowery.be\/wp-content\/uploads\/2025\/03\/Ado-conc-edited-1.jpg","contentUrl":"https:\/\/diegowery.be\/wp-content\/uploads\/2025\/03\/Ado-conc-edited-1.jpg","width":665,"height":916,"caption":"diego"},"logo":{"@id":"https:\/\/diegowery.be\/#\/schema\/person\/image\/"},"sameAs":["http:\/\/diegowery.be"]}]}},"_links":{"self":[{"href":"https:\/\/diegowery.be\/index.php\/wp-json\/wp\/v2\/pages\/454","targetHints":{"allow":["GET"]}}],"collection":[{"href":"https:\/\/diegowery.be\/index.php\/wp-json\/wp\/v2\/pages"}],"about":[{"href":"https:\/\/diegowery.be\/index.php\/wp-json\/wp\/v2\/types\/page"}],"author":[{"embeddable":true,"href":"https:\/\/diegowery.be\/index.php\/wp-json\/wp\/v2\/users\/1"}],"replies":[{"embeddable":true,"href":"https:\/\/diegowery.be\/index.php\/wp-json\/wp\/v2\/comments?post=454"}],"version-history":[{"count":6,"href":"https:\/\/diegowery.be\/index.php\/wp-json\/wp\/v2\/pages\/454\/revisions"}],"predecessor-version":[{"id":467,"href":"https:\/\/diegowery.be\/index.php\/wp-json\/wp\/v2\/pages\/454\/revisions\/467"}],"wp:attachment":[{"href":"https:\/\/diegowery.be\/index.php\/wp-json\/wp\/v2\/media?parent=454"}],"curies":[{"name":"wp","href":"https:\/\/api.w.org\/{rel}","templated":true}]}}