{"id":428,"date":"2025-04-03T20:51:13","date_gmt":"2025-04-03T18:51:13","guid":{"rendered":"https:\/\/diegowery.be\/?page_id=428"},"modified":"2025-11-08T15:07:13","modified_gmt":"2025-11-08T14:07:13","slug":"les-images-masculines","status":"publish","type":"page","link":"https:\/\/diegowery.be\/index.php\/les-images-masculines\/","title":{"rendered":"Les images viriles"},"content":{"rendered":"\n<p>2019 &#8211; 2021<\/p>\n\n\n\n<div class=\"wp-block-columns is-layout-flex wp-container-core-columns-is-layout-28f84493 wp-block-columns-is-layout-flex\">\n<div class=\"wp-block-column is-layout-flow wp-block-column-is-layout-flow\" style=\"flex-basis:66.66%\">\n<div style=\"height:25px\" aria-hidden=\"true\" class=\"wp-block-spacer\"><\/div>\n<\/div>\n\n\n\n<div class=\"wp-block-column is-layout-flow wp-block-column-is-layout-flow\" style=\"flex-basis:33.33%\">\n<div class=\"wp-block-buttons is-content-justification-right is-layout-flex wp-container-core-buttons-is-layout-d445cf74 wp-block-buttons-is-layout-flex\">\n<div class=\"wp-block-button has-custom-width wp-block-button__width-100 is-style-outline is-style-outline--1\"><a class=\"wp-block-button__link has-small-font-size has-text-align-center has-custom-font-size wp-element-button\" href=\"https:\/\/diegowery.be\/index.php\/et-pourquoi-pas-de-la-poesie\/\">Projet suivant<\/a><\/div>\n<\/div>\n<\/div>\n<\/div>\n\n\n\n<div class=\"wp-block-columns is-layout-flex wp-container-core-columns-is-layout-28f84493 wp-block-columns-is-layout-flex\">\n<div class=\"wp-block-column is-layout-flow wp-block-column-is-layout-flow\">\n<details class=\"wp-block-details is-layout-flow wp-block-details-is-layout-flow\"><summary>Texte: <br><\/summary>\n<p>\u00c0 cette p\u00e9riode, je travaillais dans un foyer pour femmes et leurs enfants ayant perdu leur logement : le Home Victor du Pr\u00e9 \u00e0 Bruxelles, o\u00f9 j\u2019occupais le poste de r\u00e9gisseur du b\u00e2timent. J\u2019ai c\u00f4toy\u00e9 ces femmes qui se trouvaient dans une situation d\u2019urgence et souvent isol\u00e9es. Je n\u2019ai jamais rencontr\u00e9 les p\u00e8res des enfants, mais \u00e0 travers les descriptions et les histoires de ces femmes, certains st\u00e9r\u00e9otypes de la masculinit\u00e9 ont \u00e9merg\u00e9.<\/p>\n\n\n\n<p>Soutenu par d\u2019autres actualit\u00e9s et quelques lectures enrichissantes, il m\u2019a sembl\u00e9 imp\u00e9ratif de d\u00e9peindre une s\u00e9rie de grands personnages caricaturaux repr\u00e9sentant diff\u00e9rentes masculinit\u00e9s. <\/p>\n\n\n\n<p>Il y a un adolescent qui doit inventer une masculinit\u00e9 \u00e0 partir de ses pairs, un sportif qui cherche \u00e0 placer la barre toujours plus haute, un vieux boxeur qui se laisse d\u00e9p\u00e9rir sur place, un cyclope qui ne peut percevoir la profondeur, et le portrait du Pape Innocent X, dont son image pr\u00e9c\u00e8de son histoire.<\/p>\n\n\n\n<p><br><\/p>\n<\/details>\n\n\n\n<p>Photo de Eva Joncquel et Salim Santa Lucia<\/p>\n\n\n\n<div style=\"height:55px\" aria-hidden=\"true\" class=\"wp-block-spacer\"><\/div>\n\n\n\n<div class=\"wp-block-group alignwide has-global-padding is-layout-constrained wp-block-group-is-layout-constrained\"><div ><style id=\"wp_carousel_dynamic_css427\">#sp-wp-carousel-free-id-427 .wpcp-swiper-dots {margin: 40px 0px 0px 0px;}.wpcp-wrapper-427 .swiper-wrapper .swiper-slide-kenburn, .wpcp-wrapper-427 .swiper-wrapper, .wpcp-wrapper-427 .wpcpro-row{align-items: center;}#sp-wp-carousel-free-id-427 .wpcp-single-item {box-shadow: 0px 0px 0px 0px #dddddd;transition: all .3s;margin: 0px;}#sp-wp-carousel-free-id-427.swiper-flip .wpcp-single-item{margin: 0!important;}#sp-wp-carousel-free-id-427 .wpcp-single-item:hover {box-shadow: 0px 0px 0px 0px #dddddd;}#sp-wp-carousel-free-id-427.sp-wpcp-427 .wpcp-single-item {border: 1px solid #dddddd;}#sp-wp-carousel-free-id-427.sp-wpcp-427 .swiper-button-prev,#sp-wp-carousel-free-id-427.sp-wpcp-427 .swiper-button-next,#sp-wp-carousel-free-id-427.sp-wpcp-427 .swiper-button-prev:hover,#sp-wp-carousel-free-id-427.sp-wpcp-427 .swiper-button-next:hover {background: none;border: none;font-size: 30px;}#sp-wp-carousel-free-id-427.sp-wpcp-427 .swiper-button-prev i,#sp-wp-carousel-free-id-427.sp-wpcp-427 .swiper-button-next i {color: #aaa;}#sp-wp-carousel-free-id-427.sp-wpcp-427 .swiper-button-prev i:hover,#sp-wp-carousel-free-id-427.sp-wpcp-427 .swiper-button-next i:hover {color: #178087;}#sp-wp-carousel-free-id-427.sp-wpcp-427 .wpcp-swiper-dots .swiper-pagination-bullet {background-color: #cccccc;}#sp-wp-carousel-free-id-427.sp-wpcp-427 .wpcp-swiper-dots .swiper-pagination-bullet.swiper-pagination-bullet-active {background-color: #178087;} #sp-wp-carousel-free-id-427.sp-wpcp-427.wpcp-image-carousel .wpcp-single-item:hover img, #sp-wp-carousel-free-id-427.sp-wpcp-427.wpcp-post-carousel .wpcp-single-item:hover img, #sp-wp-carousel-free-id-427.sp-wpcp-427.wpcp-product-carousel .wpcp-single-item:hover img{-webkit-transform: scale(1.2);-moz-transform: scale(1.2);transform: scale(1.2);}#sp-wp-carousel-free-id-427 .wpcpro-row>[class*=\"wpcpro-col-\"] { padding: 0 10px; padding-bottom: 20px;} #sp-wp-carousel-free-id-427 .swiper-slide .single-item-fade:not(:last-child) { margin-right: 20px;}@media (min-width: 480px) { .wpcpro-row .wpcpro-col-sm-1 { flex: 0 0 100%; max-width: 100%; } .wpcpro-row .wpcpro-col-sm-2 { flex: 0 0 50%; max-width: 50%; } .wpcpro-row .wpcpro-col-sm-2-5 { flex: 0 0 75%; max-width: 75%; } .wpcpro-row .wpcpro-col-sm-3 { flex: 0 0 33.333%; max-width: 33.333%; } .wpcpro-row .wpcpro-col-sm-4 { flex: 0 0 25%; max-width: 25%; } .wpcpro-row .wpcpro-col-sm-5 { flex: 0 0 20%; max-width: 20%; } .wpcpro-row .wpcpro-col-sm-6 { flex: 0 0 16.66666666666667%; max-width: 16.66666666666667%; } .wpcpro-row .wpcpro-col-sm-7 { flex: 0 0 14.28571428%; max-width: 14.28571428%; } .wpcpro-row .wpcpro-col-sm-8 { flex: 0 0 12.5%; max-width: 12.5%; } } @media (max-width: 480px) { .wpcpro-row .wpcpro-col-xs-1 { flex: 0 0 100%; max-width: 100%; } .wpcpro-row .wpcpro-col-xs-2 { flex: 0 0 50%; max-width: 50%; } .wpcpro-row .wpcpro-col-xs-3 { flex: 0 0 33.222%; max-width: 33.222%; } .wpcpro-row .wpcpro-col-xs-4 { flex: 0 0 25%; max-width: 25%; } .wpcpro-row .wpcpro-col-xs-5 { flex: 0 0 20%; max-width: 20%; } .wpcpro-row .wpcpro-col-xs-6 { flex: 0 0 16.6667%; max-width: 16.6667%; } .wpcpro-row .wpcpro-col-xs-7 { flex: 0 0 14.28571428%; max-width: 14.28571428%; } .wpcpro-row .wpcpro-col-xs-8 { flex: 0 0 12.5%; max-width: 12.5%; } } @media (min-width: 736px) { .wpcpro-row .wpcpro-col-md-1 { flex: 0 0 100%; max-width: 100%; } .wpcpro-row .wpcpro-col-md-2 { flex: 0 0 50%; max-width: 50%; } .wpcpro-row .wpcpro-col-md-2-5 { flex: 0 0 75%; max-width: 75%; } .wpcpro-row .wpcpro-col-md-3 { flex: 0 0 33.333%; max-width: 33.333%; } .wpcpro-row .wpcpro-col-md-4 { flex: 0 0 25%; max-width: 25%; } .wpcpro-row .wpcpro-col-md-5 { flex: 0 0 20%; max-width: 20%; } .wpcpro-row .wpcpro-col-md-6 { flex: 0 0 16.66666666666667%; max-width: 16.66666666666667%; } .wpcpro-row .wpcpro-col-md-7 { flex: 0 0 14.28571428%; max-width: 14.28571428%; } .wpcpro-row .wpcpro-col-md-8 { flex: 0 0 12.5%; max-width: 12.5%; } } @media (min-width: 980px) { .wpcpro-row .wpcpro-col-lg-1 { flex: 0 0 100%; max-width: 100%; } .wpcpro-row .wpcpro-col-lg-2 { flex: 0 0 50%; max-width: 50%; } .wpcpro-row .wpcpro-col-lg-3 { flex: 0 0 33.222%; max-width: 33.222%; } .wpcpro-row .wpcpro-col-lg-4 { flex: 0 0 25%; max-width: 25%; } .wpcpro-row .wpcpro-col-lg-5 { flex: 0 0 20%; max-width: 20%; } .wpcpro-row .wpcpro-col-lg-6 { flex: 0 0 16.6667%; max-width: 16.6667%; } .wpcpro-row .wpcpro-col-lg-7 { flex: 0 0 14.28571428%; max-width: 14.28571428%; } .wpcpro-row .wpcpro-col-lg-8 { flex: 0 0 12.5%; max-width: 12.5%; } } @media (min-width: 1200px) { .wpcpro-row .wpcpro-col-xl-1 { flex: 0 0 100%; max-width: 100%; } .wpcpro-row .wpcpro-col-xl-2 { flex: 0 0 50%; max-width: 50%; } .wpcpro-row .wpcpro-col-xl-3 { flex: 0 0 33.22222222%; max-width: 33.22222222%; } .wpcpro-row .wpcpro-col-xl-4 { flex: 0 0 25%; max-width: 25%; } .wpcpro-row .wpcpro-col-xl-5 { flex: 0 0 20%; max-width: 20%; } .wpcpro-row .wpcpro-col-xl-6 { flex: 0 0 16.66667%; max-width: 16.66667%; } .wpcpro-row .wpcpro-col-xl-7 { flex: 0 0 14.28571428%; max-width: 14.28571428%; } .wpcpro-row .wpcpro-col-xl-8 { flex: 0 0 12.5%; max-width: 12.5%; } }<\/style><div class=\"wpcp-carousel-wrapper wpcp-wrapper-427\">\n\t<div id=\"wpcp-preloader-427\" class=\"wpcp-carousel-preloader\"><img decoding=\"async\" src=\"https:\/\/diegowery.be\/wp-content\/plugins\/wp-carousel-free\/public\/css\/spinner.svg\" alt=\"Preloader Image\" \/><\/div>\t<div class=\"wpcp-carousel-content-wrapper\">\n\t<div id=\"sp-wp-carousel-free-id-427\" class=\"wpcp-carousel-section sp-wpcp-427  nav-vertical-center wpcp-image-carousel wpcp-preloader wpcp-standard wpcp-center\" data-swiper='{ &quot;accessibility&quot;:true, &quot;spaceBetween&quot;:20, &quot;arrows&quot;:true, &quot;freeMode&quot;: false, &quot;autoplay&quot;:false, &quot;effect&quot;: &quot;slide&quot;, &quot;centerMode&quot;: true, &quot;autoplaySpeed&quot;:3000, &quot;dots&quot;:true, &quot;infinite&quot;:true, &quot;speed&quot;:600, &quot;pauseOnHover&quot;:true,\n\t\t\t&quot;slidesToShow&quot;:{&quot;lg_desktop&quot;:2, &quot;desktop&quot;: 2, &quot;laptop&quot;: 2, &quot;tablet&quot;: 2, &quot;mobile&quot;: 1}, &quot;responsive&quot;:{&quot;desktop&quot;:1200, &quot;laptop&quot;: 980, &quot;tablet&quot;: 736, &quot;mobile&quot;: 480}, &quot;rtl&quot;:false, &quot;lazyLoad&quot;: &quot;false&quot;, &quot;swipe&quot;: true, &quot;draggable&quot;: true, &quot;swipeToSlide&quot;:false }' dir=\"ltr\">\n\t\t<div class=\"swiper-wrapper\">\n\t\t<div class=\"swiper-slide\">\n\t<div class=\"wpcp-single-item\">\n\t\t\t<a class=\"wcp-light-box\" data-buttons='[\"close\"]' data-wpc_url='https:\/\/diegowery.be\/wp-content\/uploads\/2025\/03\/diego-Lado-1-2-scaled.jpg' href=\"https:\/\/diegowery.be\/wp-content\/uploads\/2025\/03\/diego-Lado-1-2-scaled.jpg\" data-fancybox=\"wpcp_view\">\n\t\t<figure>\n\t\t\t<img loading=\"lazy\" decoding=\"async\" class=\"skip-lazy\" src=\"https:\/\/diegowery.be\/wp-content\/uploads\/2025\/03\/diego-Lado-1-2-scaled.jpg\" alt=\"diego -L'ado-1-2\" width=\"1707\" height=\"2560\">\t\t<\/figure>\n\t<\/a>\n\t\t<\/div>\n<\/div>\n\t<div class=\"swiper-slide\">\n\t<div class=\"wpcp-single-item\">\n\t\t\t<a class=\"wcp-light-box\" data-buttons='[\"close\"]' data-wpc_url='https:\/\/diegowery.be\/wp-content\/uploads\/2025\/03\/diego-Leboxeur-1-scaled.jpg' href=\"https:\/\/diegowery.be\/wp-content\/uploads\/2025\/03\/diego-Leboxeur-1-scaled.jpg\" data-fancybox=\"wpcp_view\">\n\t\t<figure>\n\t\t\t<img loading=\"lazy\" decoding=\"async\" class=\"skip-lazy\" src=\"https:\/\/diegowery.be\/wp-content\/uploads\/2025\/03\/diego-Leboxeur-1-scaled.jpg\" alt=\"Le boxeur 2020, huile sur toile, 130 x 180 cm\" width=\"1707\" height=\"2560\">\t\t<\/figure>\n\t<\/a>\n\t\t<\/div>\n<\/div>\n\t<div class=\"swiper-slide\">\n\t<div class=\"wpcp-single-item\">\n\t\t\t<a class=\"wcp-light-box\" data-buttons='[\"close\"]' data-wpc_url='https:\/\/diegowery.be\/wp-content\/uploads\/2025\/03\/Diego-lecyclope-scaled.jpg' href=\"https:\/\/diegowery.be\/wp-content\/uploads\/2025\/03\/Diego-lecyclope-scaled.jpg\" data-fancybox=\"wpcp_view\">\n\t\t<figure>\n\t\t\t<img loading=\"lazy\" decoding=\"async\" class=\"skip-lazy\" src=\"https:\/\/diegowery.be\/wp-content\/uploads\/2025\/03\/Diego-lecyclope-scaled.jpg\" alt=\"Le cyclope 2020, huile sur toile, 130 x 180 cm\" width=\"1707\" height=\"2560\">\t\t<\/figure>\n\t<\/a>\n\t\t<\/div>\n<\/div>\n\t<div class=\"swiper-slide\">\n\t<div class=\"wpcp-single-item\">\n\t\t\t<a class=\"wcp-light-box\" data-buttons='[\"close\"]' data-wpc_url='https:\/\/diegowery.be\/wp-content\/uploads\/2025\/03\/diego-lesportif-3-2-scaled.jpg' href=\"https:\/\/diegowery.be\/wp-content\/uploads\/2025\/03\/diego-lesportif-3-2-scaled.jpg\" data-fancybox=\"wpcp_view\">\n\t\t<figure>\n\t\t\t<img loading=\"lazy\" decoding=\"async\" class=\"skip-lazy\" src=\"https:\/\/diegowery.be\/wp-content\/uploads\/2025\/03\/diego-lesportif-3-2-scaled.jpg\" alt=\"diego - lesportif-3\" width=\"1707\" height=\"2560\">\t\t<\/figure>\n\t<\/a>\n\t\t<\/div>\n<\/div>\n\t<div class=\"swiper-slide\">\n\t<div class=\"wpcp-single-item\">\n\t\t\t<a class=\"wcp-light-box\" data-buttons='[\"close\"]' data-wpc_url='https:\/\/diegowery.be\/wp-content\/uploads\/2025\/03\/14_2022_DIEGO-WERY_LIRONIE-DU-SORT_GALERIE-VALERIA-CETRARO_photo-Salim-Santa-Lucia_SSL_6486_2000px-2.jpg' href=\"https:\/\/diegowery.be\/wp-content\/uploads\/2025\/03\/14_2022_DIEGO-WERY_LIRONIE-DU-SORT_GALERIE-VALERIA-CETRARO_photo-Salim-Santa-Lucia_SSL_6486_2000px-2.jpg\" data-fancybox=\"wpcp_view\">\n\t\t<figure>\n\t\t\t<img loading=\"lazy\" decoding=\"async\" class=\"skip-lazy\" src=\"https:\/\/diegowery.be\/wp-content\/uploads\/2025\/03\/14_2022_DIEGO-WERY_LIRONIE-DU-SORT_GALERIE-VALERIA-CETRARO_photo-Salim-Santa-Lucia_SSL_6486_2000px-2.jpg\" alt=\"14_2022_DIEGO-WERY_L'IRONIE-DU-SORT_GALERIE-VALERIA-CETRARO_photo-Salim-Santa-Lucia_SSL_6486_2000px\" width=\"1334\" height=\"2000\">\t\t<\/figure>\n\t<\/a>\n\t\t<\/div>\n<\/div>\n\t<div class=\"swiper-slide\">\n\t<div class=\"wpcp-single-item\">\n\t\t\t<a class=\"wcp-light-box\" data-buttons='[\"close\"]' data-wpc_url='https:\/\/diegowery.be\/wp-content\/uploads\/2025\/03\/diego-portersonimage-9-1-scaled.jpg' href=\"https:\/\/diegowery.be\/wp-content\/uploads\/2025\/03\/diego-portersonimage-9-1-scaled.jpg\" data-fancybox=\"wpcp_view\">\n\t\t<figure>\n\t\t\t<img loading=\"lazy\" decoding=\"async\" class=\"skip-lazy\" src=\"https:\/\/diegowery.be\/wp-content\/uploads\/2025\/03\/diego-portersonimage-9-1-scaled.jpg\" alt=\"diego - portersonimage-9\" width=\"1707\" height=\"2560\">\t\t<\/figure>\n\t<\/a>\n\t\t<\/div>\n<\/div>\n\t\t\t<\/div>\n\t\t\t\t\t<div class=\"wpcp-swiper-dots swiper-pagination\"><\/div>\n\t\t\t\t<!-- If we need navigation buttons -->\n\t\t\t\t\t<div class=\"wpcp-prev-button swiper-button-prev\"><i class=\"fa fa-angle-left\"><\/i><\/div>\n\t\t\t<div class=\"wpcp-next-button swiper-button-next\"><i class=\"fa fa-angle-right\"><\/i><\/div>\n\t\t\t<\/div>\n\t<\/div>\n<\/div>\n<\/div><\/div>\n<\/div>\n<\/div>\n","protected":false},"excerpt":{"rendered":"<p>2019 &#8211; 2021 Photo de Eva Joncquel et Salim Santa Lucia<\/p>\n","protected":false},"author":1,"featured_media":0,"parent":0,"menu_order":0,"comment_status":"closed","ping_status":"closed","template":"","meta":{"footnotes":""},"class_list":["post-428","page","type-page","status-publish","hentry"],"yoast_head":"<!-- This site is optimized with the Yoast SEO plugin v27.1.1 - https:\/\/yoast.com\/product\/yoast-seo-wordpress\/ -->\n<title>Les images viriles - Diego Wery<\/title>\n<meta name=\"robots\" content=\"index, follow, max-snippet:-1, max-image-preview:large, max-video-preview:-1\" \/>\n<link rel=\"canonical\" href=\"https:\/\/diegowery.be\/index.php\/les-images-masculines\/\" \/>\n<meta property=\"og:locale\" content=\"fr_FR\" \/>\n<meta property=\"og:type\" content=\"article\" \/>\n<meta property=\"og:title\" content=\"Les images viriles - Diego Wery\" \/>\n<meta property=\"og:description\" content=\"2019 &#8211; 2021 Photo de Eva Joncquel et Salim Santa Lucia\" \/>\n<meta property=\"og:url\" content=\"https:\/\/diegowery.be\/index.php\/les-images-masculines\/\" \/>\n<meta property=\"og:site_name\" content=\"Diego Wery\" \/>\n<meta property=\"article:modified_time\" content=\"2025-11-08T14:07:13+00:00\" \/>\n<meta name=\"twitter:card\" content=\"summary_large_image\" \/>\n<meta name=\"twitter:label1\" content=\"Dur\u00e9e de lecture estim\u00e9e\" \/>\n\t<meta name=\"twitter:data1\" content=\"1 minute\" \/>\n<script type=\"application\/ld+json\" class=\"yoast-schema-graph\">{\"@context\":\"https:\/\/schema.org\",\"@graph\":[{\"@type\":\"WebPage\",\"@id\":\"https:\/\/diegowery.be\/index.php\/les-images-masculines\/\",\"url\":\"https:\/\/diegowery.be\/index.php\/les-images-masculines\/\",\"name\":\"Les images viriles - Diego Wery\",\"isPartOf\":{\"@id\":\"https:\/\/diegowery.be\/#website\"},\"datePublished\":\"2025-04-03T18:51:13+00:00\",\"dateModified\":\"2025-11-08T14:07:13+00:00\",\"breadcrumb\":{\"@id\":\"https:\/\/diegowery.be\/index.php\/les-images-masculines\/#breadcrumb\"},\"inLanguage\":\"fr-FR\",\"potentialAction\":[{\"@type\":\"ReadAction\",\"target\":[\"https:\/\/diegowery.be\/index.php\/les-images-masculines\/\"]}]},{\"@type\":\"BreadcrumbList\",\"@id\":\"https:\/\/diegowery.be\/index.php\/les-images-masculines\/#breadcrumb\",\"itemListElement\":[{\"@type\":\"ListItem\",\"position\":1,\"name\":\"Accueil\",\"item\":\"https:\/\/diegowery.be\/\"},{\"@type\":\"ListItem\",\"position\":2,\"name\":\"Les images viriles\"}]},{\"@type\":\"WebSite\",\"@id\":\"https:\/\/diegowery.be\/#website\",\"url\":\"https:\/\/diegowery.be\/\",\"name\":\"Diego Wery\",\"description\":\"Diego Wery, artiste plasticien\",\"publisher\":{\"@id\":\"https:\/\/diegowery.be\/#\/schema\/person\/d3dddb528a96b75f22e27bb91675245d\"},\"potentialAction\":[{\"@type\":\"SearchAction\",\"target\":{\"@type\":\"EntryPoint\",\"urlTemplate\":\"https:\/\/diegowery.be\/?s={search_term_string}\"},\"query-input\":{\"@type\":\"PropertyValueSpecification\",\"valueRequired\":true,\"valueName\":\"search_term_string\"}}],\"inLanguage\":\"fr-FR\"},{\"@type\":[\"Person\",\"Organization\"],\"@id\":\"https:\/\/diegowery.be\/#\/schema\/person\/d3dddb528a96b75f22e27bb91675245d\",\"name\":\"diego\",\"image\":{\"@type\":\"ImageObject\",\"inLanguage\":\"fr-FR\",\"@id\":\"https:\/\/diegowery.be\/#\/schema\/person\/image\/\",\"url\":\"https:\/\/diegowery.be\/wp-content\/uploads\/2025\/03\/Ado-conc-edited-1.jpg\",\"contentUrl\":\"https:\/\/diegowery.be\/wp-content\/uploads\/2025\/03\/Ado-conc-edited-1.jpg\",\"width\":665,\"height\":916,\"caption\":\"diego\"},\"logo\":{\"@id\":\"https:\/\/diegowery.be\/#\/schema\/person\/image\/\"},\"sameAs\":[\"http:\/\/diegowery.be\"]}]}<\/script>\n<!-- \/ Yoast SEO plugin. -->","yoast_head_json":{"title":"Les images viriles - Diego Wery","robots":{"index":"index","follow":"follow","max-snippet":"max-snippet:-1","max-image-preview":"max-image-preview:large","max-video-preview":"max-video-preview:-1"},"canonical":"https:\/\/diegowery.be\/index.php\/les-images-masculines\/","og_locale":"fr_FR","og_type":"article","og_title":"Les images viriles - Diego Wery","og_description":"2019 &#8211; 2021 Photo de Eva Joncquel et Salim Santa Lucia","og_url":"https:\/\/diegowery.be\/index.php\/les-images-masculines\/","og_site_name":"Diego Wery","article_modified_time":"2025-11-08T14:07:13+00:00","twitter_card":"summary_large_image","twitter_misc":{"Dur\u00e9e de lecture estim\u00e9e":"1 minute"},"schema":{"@context":"https:\/\/schema.org","@graph":[{"@type":"WebPage","@id":"https:\/\/diegowery.be\/index.php\/les-images-masculines\/","url":"https:\/\/diegowery.be\/index.php\/les-images-masculines\/","name":"Les images viriles - Diego Wery","isPartOf":{"@id":"https:\/\/diegowery.be\/#website"},"datePublished":"2025-04-03T18:51:13+00:00","dateModified":"2025-11-08T14:07:13+00:00","breadcrumb":{"@id":"https:\/\/diegowery.be\/index.php\/les-images-masculines\/#breadcrumb"},"inLanguage":"fr-FR","potentialAction":[{"@type":"ReadAction","target":["https:\/\/diegowery.be\/index.php\/les-images-masculines\/"]}]},{"@type":"BreadcrumbList","@id":"https:\/\/diegowery.be\/index.php\/les-images-masculines\/#breadcrumb","itemListElement":[{"@type":"ListItem","position":1,"name":"Accueil","item":"https:\/\/diegowery.be\/"},{"@type":"ListItem","position":2,"name":"Les images viriles"}]},{"@type":"WebSite","@id":"https:\/\/diegowery.be\/#website","url":"https:\/\/diegowery.be\/","name":"Diego Wery","description":"Diego Wery, artiste plasticien","publisher":{"@id":"https:\/\/diegowery.be\/#\/schema\/person\/d3dddb528a96b75f22e27bb91675245d"},"potentialAction":[{"@type":"SearchAction","target":{"@type":"EntryPoint","urlTemplate":"https:\/\/diegowery.be\/?s={search_term_string}"},"query-input":{"@type":"PropertyValueSpecification","valueRequired":true,"valueName":"search_term_string"}}],"inLanguage":"fr-FR"},{"@type":["Person","Organization"],"@id":"https:\/\/diegowery.be\/#\/schema\/person\/d3dddb528a96b75f22e27bb91675245d","name":"diego","image":{"@type":"ImageObject","inLanguage":"fr-FR","@id":"https:\/\/diegowery.be\/#\/schema\/person\/image\/","url":"https:\/\/diegowery.be\/wp-content\/uploads\/2025\/03\/Ado-conc-edited-1.jpg","contentUrl":"https:\/\/diegowery.be\/wp-content\/uploads\/2025\/03\/Ado-conc-edited-1.jpg","width":665,"height":916,"caption":"diego"},"logo":{"@id":"https:\/\/diegowery.be\/#\/schema\/person\/image\/"},"sameAs":["http:\/\/diegowery.be"]}]}},"_links":{"self":[{"href":"https:\/\/diegowery.be\/index.php\/wp-json\/wp\/v2\/pages\/428","targetHints":{"allow":["GET"]}}],"collection":[{"href":"https:\/\/diegowery.be\/index.php\/wp-json\/wp\/v2\/pages"}],"about":[{"href":"https:\/\/diegowery.be\/index.php\/wp-json\/wp\/v2\/types\/page"}],"author":[{"embeddable":true,"href":"https:\/\/diegowery.be\/index.php\/wp-json\/wp\/v2\/users\/1"}],"replies":[{"embeddable":true,"href":"https:\/\/diegowery.be\/index.php\/wp-json\/wp\/v2\/comments?post=428"}],"version-history":[{"count":6,"href":"https:\/\/diegowery.be\/index.php\/wp-json\/wp\/v2\/pages\/428\/revisions"}],"predecessor-version":[{"id":626,"href":"https:\/\/diegowery.be\/index.php\/wp-json\/wp\/v2\/pages\/428\/revisions\/626"}],"wp:attachment":[{"href":"https:\/\/diegowery.be\/index.php\/wp-json\/wp\/v2\/media?parent=428"}],"curies":[{"name":"wp","href":"https:\/\/api.w.org\/{rel}","templated":true}]}}