{"id":355,"date":"2025-04-02T12:16:35","date_gmt":"2025-04-02T10:16:35","guid":{"rendered":"https:\/\/diegowery.be\/?page_id=355"},"modified":"2025-05-19T18:27:04","modified_gmt":"2025-05-19T16:27:04","slug":"indigestion-intestinale","status":"publish","type":"page","link":"https:\/\/diegowery.be\/index.php\/indigestion-intestinale\/","title":{"rendered":"Indigestion intestinale"},"content":{"rendered":"\n<p>2022, huile sur verre et bois taill\u00e9, 70 x 130 x 40 cm<\/p>\n\n\n\n<div class=\"wp-block-columns is-layout-flex wp-container-core-columns-is-layout-28f84493 wp-block-columns-is-layout-flex\">\n<div class=\"wp-block-column is-layout-flow wp-block-column-is-layout-flow\" style=\"flex-basis:66.66%\">\n<div style=\"height:25px\" aria-hidden=\"true\" class=\"wp-block-spacer\"><\/div>\n<\/div>\n\n\n\n<div class=\"wp-block-column is-layout-flow wp-block-column-is-layout-flow\" style=\"flex-basis:33.33%\">\n<div class=\"wp-block-buttons is-content-justification-right is-layout-flex wp-container-core-buttons-is-layout-d445cf74 wp-block-buttons-is-layout-flex\">\n<div class=\"wp-block-button has-custom-width wp-block-button__width-100 is-style-outline is-style-outline--1\"><a class=\"wp-block-button__link has-small-font-size has-text-align-center has-custom-font-size wp-element-button\" href=\"https:\/\/diegowery.be\/index.php\/une-promenade-digestive\/\">Projet suivant<\/a><\/div>\n<\/div>\n<\/div>\n<\/div>\n\n\n\n<div class=\"wp-block-columns is-layout-flex wp-container-core-columns-is-layout-28f84493 wp-block-columns-is-layout-flex\">\n<div class=\"wp-block-column is-layout-flow wp-block-column-is-layout-flow\">\n<details class=\"wp-block-details is-layout-flow wp-block-details-is-layout-flow\"><summary>Texte: Indigestion Intestinale <br><\/summary>\n<p>Taill\u00e9e d\u2019une seule pi\u00e8ce dans un tronc d\u2019arbre de tilleul, une colonne dorique sert de support \u00e0 une plaque de verre peinte repr\u00e9sentant un personnage. Cette sculpture est une reprise de l\u2019image de Saint S\u00e9bastien. Une grande feuille de laitue d\u00e9voile les visc\u00e8res du personnage. Sa t\u00eate est rouge, tout comme ses intestins, et de ses yeux coulent de petites larmes bleues.<\/p>\n\n\n\n<p>Depuis sa canonisation, Saint S\u00e9bastien a connu de tr\u00e8s nombreuses repr\u00e9sentations. G\u00e9n\u00e9ralement, il n\u2019affiche aucune expression de douleur, malgr\u00e9 les fl\u00e8ches qui le transpercent, et parfois m\u00eame un air pensif. \u00abIndigestion intestinale\u00bb est une reprise de ce paradoxe.<br><\/p>\n<\/details>\n\n\n\n<p>Photo de Salim Santa Lucia<\/p>\n\n\n\n<div style=\"height:55px\" aria-hidden=\"true\" class=\"wp-block-spacer\"><\/div>\n\n\n\n<div class=\"wp-block-group alignwide has-global-padding is-layout-constrained wp-block-group-is-layout-constrained\"><div ><style id=\"wp_carousel_dynamic_css359\">#sp-wp-carousel-free-id-359 .wpcp-swiper-dots {margin: 40px 0px 0px 0px;}.wpcp-wrapper-359 .swiper-wrapper .swiper-slide-kenburn, .wpcp-wrapper-359 .swiper-wrapper, .wpcp-wrapper-359 .wpcpro-row{align-items: center;}#sp-wp-carousel-free-id-359 .wpcp-single-item {box-shadow: 0px 0px 0px 0px #dddddd;transition: all .3s;margin: 0px;}#sp-wp-carousel-free-id-359.swiper-flip .wpcp-single-item{margin: 0!important;}#sp-wp-carousel-free-id-359 .wpcp-single-item:hover {box-shadow: 0px 0px 0px 0px #dddddd;}#sp-wp-carousel-free-id-359.sp-wpcp-359 .wpcp-single-item {border: 1px solid #dddddd;}#sp-wp-carousel-free-id-359.sp-wpcp-359 .swiper-button-prev,#sp-wp-carousel-free-id-359.sp-wpcp-359 .swiper-button-next,#sp-wp-carousel-free-id-359.sp-wpcp-359 .swiper-button-prev:hover,#sp-wp-carousel-free-id-359.sp-wpcp-359 .swiper-button-next:hover {background: none;border: none;font-size: 30px;}#sp-wp-carousel-free-id-359.sp-wpcp-359 .swiper-button-prev i,#sp-wp-carousel-free-id-359.sp-wpcp-359 .swiper-button-next i {color: #aaa;}#sp-wp-carousel-free-id-359.sp-wpcp-359 .swiper-button-prev i:hover,#sp-wp-carousel-free-id-359.sp-wpcp-359 .swiper-button-next i:hover {color: #178087;}#sp-wp-carousel-free-id-359.sp-wpcp-359 .wpcp-swiper-dots .swiper-pagination-bullet {background-color: #cccccc;}#sp-wp-carousel-free-id-359.sp-wpcp-359 .wpcp-swiper-dots .swiper-pagination-bullet.swiper-pagination-bullet-active {background-color: #178087;} #sp-wp-carousel-free-id-359.sp-wpcp-359.wpcp-image-carousel .wpcp-single-item:hover img, #sp-wp-carousel-free-id-359.sp-wpcp-359.wpcp-post-carousel .wpcp-single-item:hover img, #sp-wp-carousel-free-id-359.sp-wpcp-359.wpcp-product-carousel .wpcp-single-item:hover img{-webkit-transform: scale(1.2);-moz-transform: scale(1.2);transform: scale(1.2);}#sp-wp-carousel-free-id-359 .wpcpro-row>[class*=\"wpcpro-col-\"] { padding: 0 10px; padding-bottom: 20px;} #sp-wp-carousel-free-id-359 .swiper-slide .single-item-fade:not(:last-child) { margin-right: 20px;}@media (min-width: 480px) { .wpcpro-row .wpcpro-col-sm-1 { flex: 0 0 100%; max-width: 100%; } .wpcpro-row .wpcpro-col-sm-2 { flex: 0 0 50%; max-width: 50%; } .wpcpro-row .wpcpro-col-sm-2-5 { flex: 0 0 75%; max-width: 75%; } .wpcpro-row .wpcpro-col-sm-3 { flex: 0 0 33.333%; max-width: 33.333%; } .wpcpro-row .wpcpro-col-sm-4 { flex: 0 0 25%; max-width: 25%; } .wpcpro-row .wpcpro-col-sm-5 { flex: 0 0 20%; max-width: 20%; } .wpcpro-row .wpcpro-col-sm-6 { flex: 0 0 16.66666666666667%; max-width: 16.66666666666667%; } .wpcpro-row .wpcpro-col-sm-7 { flex: 0 0 14.28571428%; max-width: 14.28571428%; } .wpcpro-row .wpcpro-col-sm-8 { flex: 0 0 12.5%; max-width: 12.5%; } } @media (max-width: 480px) { .wpcpro-row .wpcpro-col-xs-1 { flex: 0 0 100%; max-width: 100%; } .wpcpro-row .wpcpro-col-xs-2 { flex: 0 0 50%; max-width: 50%; } .wpcpro-row .wpcpro-col-xs-3 { flex: 0 0 33.222%; max-width: 33.222%; } .wpcpro-row .wpcpro-col-xs-4 { flex: 0 0 25%; max-width: 25%; } .wpcpro-row .wpcpro-col-xs-5 { flex: 0 0 20%; max-width: 20%; } .wpcpro-row .wpcpro-col-xs-6 { flex: 0 0 16.6667%; max-width: 16.6667%; } .wpcpro-row .wpcpro-col-xs-7 { flex: 0 0 14.28571428%; max-width: 14.28571428%; } .wpcpro-row .wpcpro-col-xs-8 { flex: 0 0 12.5%; max-width: 12.5%; } } @media (min-width: 736px) { .wpcpro-row .wpcpro-col-md-1 { flex: 0 0 100%; max-width: 100%; } .wpcpro-row .wpcpro-col-md-2 { flex: 0 0 50%; max-width: 50%; } .wpcpro-row .wpcpro-col-md-2-5 { flex: 0 0 75%; max-width: 75%; } .wpcpro-row .wpcpro-col-md-3 { flex: 0 0 33.333%; max-width: 33.333%; } .wpcpro-row .wpcpro-col-md-4 { flex: 0 0 25%; max-width: 25%; } .wpcpro-row .wpcpro-col-md-5 { flex: 0 0 20%; max-width: 20%; } .wpcpro-row .wpcpro-col-md-6 { flex: 0 0 16.66666666666667%; max-width: 16.66666666666667%; } .wpcpro-row .wpcpro-col-md-7 { flex: 0 0 14.28571428%; max-width: 14.28571428%; } .wpcpro-row .wpcpro-col-md-8 { flex: 0 0 12.5%; max-width: 12.5%; } } @media (min-width: 980px) { .wpcpro-row .wpcpro-col-lg-1 { flex: 0 0 100%; max-width: 100%; } .wpcpro-row .wpcpro-col-lg-2 { flex: 0 0 50%; max-width: 50%; } .wpcpro-row .wpcpro-col-lg-3 { flex: 0 0 33.222%; max-width: 33.222%; } .wpcpro-row .wpcpro-col-lg-4 { flex: 0 0 25%; max-width: 25%; } .wpcpro-row .wpcpro-col-lg-5 { flex: 0 0 20%; max-width: 20%; } .wpcpro-row .wpcpro-col-lg-6 { flex: 0 0 16.6667%; max-width: 16.6667%; } .wpcpro-row .wpcpro-col-lg-7 { flex: 0 0 14.28571428%; max-width: 14.28571428%; } .wpcpro-row .wpcpro-col-lg-8 { flex: 0 0 12.5%; max-width: 12.5%; } } @media (min-width: 1200px) { .wpcpro-row .wpcpro-col-xl-1 { flex: 0 0 100%; max-width: 100%; } .wpcpro-row .wpcpro-col-xl-2 { flex: 0 0 50%; max-width: 50%; } .wpcpro-row .wpcpro-col-xl-3 { flex: 0 0 33.22222222%; max-width: 33.22222222%; } .wpcpro-row .wpcpro-col-xl-4 { flex: 0 0 25%; max-width: 25%; } .wpcpro-row .wpcpro-col-xl-5 { flex: 0 0 20%; max-width: 20%; } .wpcpro-row .wpcpro-col-xl-6 { flex: 0 0 16.66667%; max-width: 16.66667%; } .wpcpro-row .wpcpro-col-xl-7 { flex: 0 0 14.28571428%; max-width: 14.28571428%; } .wpcpro-row .wpcpro-col-xl-8 { flex: 0 0 12.5%; max-width: 12.5%; } }<\/style><div class=\"wpcp-carousel-wrapper wpcp-wrapper-359\">\n\t<div id=\"wpcp-preloader-359\" class=\"wpcp-carousel-preloader\"><img decoding=\"async\" src=\"https:\/\/diegowery.be\/wp-content\/plugins\/wp-carousel-free\/public\/css\/spinner.svg\" alt=\"Preloader Image\" \/><\/div>\t<div class=\"wpcp-carousel-content-wrapper\">\n\t<div id=\"sp-wp-carousel-free-id-359\" class=\"wpcp-carousel-section sp-wpcp-359  nav-vertical-center wpcp-image-carousel wpcp-preloader wpcp-standard wpcp-center\" data-swiper='{ &quot;accessibility&quot;:true, &quot;spaceBetween&quot;:20, &quot;arrows&quot;:true, &quot;freeMode&quot;: false, &quot;autoplay&quot;:false, &quot;effect&quot;: &quot;slide&quot;, &quot;centerMode&quot;: true, &quot;autoplaySpeed&quot;:3000, &quot;dots&quot;:true, &quot;infinite&quot;:true, &quot;speed&quot;:600, &quot;pauseOnHover&quot;:true,\n\t\t\t&quot;slidesToShow&quot;:{&quot;lg_desktop&quot;:2, &quot;desktop&quot;: 2, &quot;laptop&quot;: 2, &quot;tablet&quot;: 2, &quot;mobile&quot;: 1}, &quot;responsive&quot;:{&quot;desktop&quot;:1200, &quot;laptop&quot;: 980, &quot;tablet&quot;: 736, &quot;mobile&quot;: 480}, &quot;rtl&quot;:false, &quot;lazyLoad&quot;: &quot;false&quot;, &quot;swipe&quot;: true, &quot;draggable&quot;: true, &quot;swipeToSlide&quot;:false }' dir=\"ltr\">\n\t\t<div class=\"swiper-wrapper\">\n\t\t<div class=\"swiper-slide\">\n\t<div class=\"wpcp-single-item\">\n\t\t\t<a class=\"wcp-light-box\" data-buttons='[\"close\"]' data-wpc_url='https:\/\/diegowery.be\/wp-content\/uploads\/2025\/03\/02_2022_DIEGO-WERY_LIRONIE-DU-SORT_GALERIE-VALERIA-CETRARO_photo-Salim-Santa-Lucia_SSL_6479_2000px-2.jpg' href=\"https:\/\/diegowery.be\/wp-content\/uploads\/2025\/03\/02_2022_DIEGO-WERY_LIRONIE-DU-SORT_GALERIE-VALERIA-CETRARO_photo-Salim-Santa-Lucia_SSL_6479_2000px-2.jpg\" data-fancybox=\"wpcp_view\">\n\t\t<figure>\n\t\t\t<img loading=\"lazy\" decoding=\"async\" class=\"skip-lazy\" src=\"https:\/\/diegowery.be\/wp-content\/uploads\/2025\/03\/02_2022_DIEGO-WERY_LIRONIE-DU-SORT_GALERIE-VALERIA-CETRARO_photo-Salim-Santa-Lucia_SSL_6479_2000px-2.jpg\" alt=\"02_2022_DIEGO-WERY_L'IRONIE-DU-SORT_GALERIE-VALERIA-CETRARO_photo-Salim-Santa-Lucia_SSL_6479_2000px\" width=\"1333\" height=\"2000\">\t\t<\/figure>\n\t<\/a>\n\t\t<\/div>\n<\/div>\n\t<div class=\"swiper-slide\">\n\t<div class=\"wpcp-single-item\">\n\t\t\t<a class=\"wcp-light-box\" data-buttons='[\"close\"]' data-wpc_url='https:\/\/diegowery.be\/wp-content\/uploads\/2025\/03\/03_2022_DIEGO-WERY_LIRONIE-DU-SORT_GALERIE-VALERIA-CETRARO_photo-Salim-Santa-Lucia_SSL_6490_2000px-2.jpg' href=\"https:\/\/diegowery.be\/wp-content\/uploads\/2025\/03\/03_2022_DIEGO-WERY_LIRONIE-DU-SORT_GALERIE-VALERIA-CETRARO_photo-Salim-Santa-Lucia_SSL_6490_2000px-2.jpg\" data-fancybox=\"wpcp_view\">\n\t\t<figure>\n\t\t\t<img loading=\"lazy\" decoding=\"async\" class=\"skip-lazy\" src=\"https:\/\/diegowery.be\/wp-content\/uploads\/2025\/03\/03_2022_DIEGO-WERY_LIRONIE-DU-SORT_GALERIE-VALERIA-CETRARO_photo-Salim-Santa-Lucia_SSL_6490_2000px-2.jpg\" alt=\"03_2022_DIEGO-WERY_L'IRONIE-DU-SORT_GALERIE-VALERIA-CETRARO_photo-Salim-Santa-Lucia_SSL_6490_2000px\" width=\"1333\" height=\"2000\">\t\t<\/figure>\n\t<\/a>\n\t\t<\/div>\n<\/div>\n\t<div class=\"swiper-slide\">\n\t<div class=\"wpcp-single-item\">\n\t\t\t<a class=\"wcp-light-box\" data-buttons='[\"close\"]' data-wpc_url='https:\/\/diegowery.be\/wp-content\/uploads\/2025\/03\/04_2022_DIEGO-WERY_LIRONIE-DU-SORT_GALERIE-VALERIA-CETRARO_photo-Salim-Santa-Lucia_SSL_6491_2000px-2.jpg' href=\"https:\/\/diegowery.be\/wp-content\/uploads\/2025\/03\/04_2022_DIEGO-WERY_LIRONIE-DU-SORT_GALERIE-VALERIA-CETRARO_photo-Salim-Santa-Lucia_SSL_6491_2000px-2.jpg\" data-fancybox=\"wpcp_view\">\n\t\t<figure>\n\t\t\t<img loading=\"lazy\" decoding=\"async\" class=\"skip-lazy\" src=\"https:\/\/diegowery.be\/wp-content\/uploads\/2025\/03\/04_2022_DIEGO-WERY_LIRONIE-DU-SORT_GALERIE-VALERIA-CETRARO_photo-Salim-Santa-Lucia_SSL_6491_2000px-2.jpg\" alt=\"04_2022_DIEGO-WERY_L'IRONIE-DU-SORT_GALERIE-VALERIA-CETRARO_photo-Salim-Santa-Lucia_SSL_6491_2000px\" width=\"1333\" height=\"2000\">\t\t<\/figure>\n\t<\/a>\n\t\t<\/div>\n<\/div>\n\t\t\t<\/div>\n\t\t\t\t\t<div class=\"wpcp-swiper-dots swiper-pagination\"><\/div>\n\t\t\t\t<!-- If we need navigation buttons -->\n\t\t\t\t\t<div class=\"wpcp-prev-button swiper-button-prev\"><i class=\"fa fa-angle-left\"><\/i><\/div>\n\t\t\t<div class=\"wpcp-next-button swiper-button-next\"><i class=\"fa fa-angle-right\"><\/i><\/div>\n\t\t\t<\/div>\n\t<\/div>\n<\/div>\n<\/div><\/div>\n<\/div>\n<\/div>\n","protected":false},"excerpt":{"rendered":"<p>2022, huile sur verre et bois taill\u00e9, 70 x 130 x 40 cm Photo de Salim Santa Lucia<\/p>\n","protected":false},"author":1,"featured_media":0,"parent":0,"menu_order":0,"comment_status":"closed","ping_status":"closed","template":"","meta":{"footnotes":""},"class_list":["post-355","page","type-page","status-publish","hentry"],"yoast_head":"<!-- This site is optimized with the Yoast SEO plugin v27.1.1 - https:\/\/yoast.com\/product\/yoast-seo-wordpress\/ -->\n<title>Indigestion intestinale - Diego Wery<\/title>\n<meta name=\"robots\" content=\"index, follow, max-snippet:-1, max-image-preview:large, max-video-preview:-1\" \/>\n<link rel=\"canonical\" href=\"https:\/\/diegowery.be\/index.php\/indigestion-intestinale\/\" \/>\n<meta property=\"og:locale\" content=\"fr_FR\" \/>\n<meta property=\"og:type\" content=\"article\" \/>\n<meta property=\"og:title\" content=\"Indigestion intestinale - Diego Wery\" \/>\n<meta property=\"og:description\" content=\"2022, huile sur verre et bois taill\u00e9, 70 x 130 x 40 cm Photo de Salim Santa Lucia\" \/>\n<meta property=\"og:url\" content=\"https:\/\/diegowery.be\/index.php\/indigestion-intestinale\/\" \/>\n<meta property=\"og:site_name\" content=\"Diego Wery\" \/>\n<meta property=\"article:modified_time\" content=\"2025-05-19T16:27:04+00:00\" \/>\n<meta name=\"twitter:card\" content=\"summary_large_image\" \/>\n<meta name=\"twitter:label1\" content=\"Dur\u00e9e de lecture estim\u00e9e\" \/>\n\t<meta name=\"twitter:data1\" content=\"1 minute\" \/>\n<script type=\"application\/ld+json\" class=\"yoast-schema-graph\">{\"@context\":\"https:\/\/schema.org\",\"@graph\":[{\"@type\":\"WebPage\",\"@id\":\"https:\/\/diegowery.be\/index.php\/indigestion-intestinale\/\",\"url\":\"https:\/\/diegowery.be\/index.php\/indigestion-intestinale\/\",\"name\":\"Indigestion intestinale - Diego Wery\",\"isPartOf\":{\"@id\":\"https:\/\/diegowery.be\/#website\"},\"datePublished\":\"2025-04-02T10:16:35+00:00\",\"dateModified\":\"2025-05-19T16:27:04+00:00\",\"breadcrumb\":{\"@id\":\"https:\/\/diegowery.be\/index.php\/indigestion-intestinale\/#breadcrumb\"},\"inLanguage\":\"fr-FR\",\"potentialAction\":[{\"@type\":\"ReadAction\",\"target\":[\"https:\/\/diegowery.be\/index.php\/indigestion-intestinale\/\"]}]},{\"@type\":\"BreadcrumbList\",\"@id\":\"https:\/\/diegowery.be\/index.php\/indigestion-intestinale\/#breadcrumb\",\"itemListElement\":[{\"@type\":\"ListItem\",\"position\":1,\"name\":\"Accueil\",\"item\":\"https:\/\/diegowery.be\/\"},{\"@type\":\"ListItem\",\"position\":2,\"name\":\"Indigestion intestinale\"}]},{\"@type\":\"WebSite\",\"@id\":\"https:\/\/diegowery.be\/#website\",\"url\":\"https:\/\/diegowery.be\/\",\"name\":\"Diego Wery\",\"description\":\"Diego Wery, artiste plasticien\",\"publisher\":{\"@id\":\"https:\/\/diegowery.be\/#\/schema\/person\/d3dddb528a96b75f22e27bb91675245d\"},\"potentialAction\":[{\"@type\":\"SearchAction\",\"target\":{\"@type\":\"EntryPoint\",\"urlTemplate\":\"https:\/\/diegowery.be\/?s={search_term_string}\"},\"query-input\":{\"@type\":\"PropertyValueSpecification\",\"valueRequired\":true,\"valueName\":\"search_term_string\"}}],\"inLanguage\":\"fr-FR\"},{\"@type\":[\"Person\",\"Organization\"],\"@id\":\"https:\/\/diegowery.be\/#\/schema\/person\/d3dddb528a96b75f22e27bb91675245d\",\"name\":\"diego\",\"image\":{\"@type\":\"ImageObject\",\"inLanguage\":\"fr-FR\",\"@id\":\"https:\/\/diegowery.be\/#\/schema\/person\/image\/\",\"url\":\"https:\/\/diegowery.be\/wp-content\/uploads\/2025\/03\/Ado-conc-edited-1.jpg\",\"contentUrl\":\"https:\/\/diegowery.be\/wp-content\/uploads\/2025\/03\/Ado-conc-edited-1.jpg\",\"width\":665,\"height\":916,\"caption\":\"diego\"},\"logo\":{\"@id\":\"https:\/\/diegowery.be\/#\/schema\/person\/image\/\"},\"sameAs\":[\"http:\/\/diegowery.be\"]}]}<\/script>\n<!-- \/ Yoast SEO plugin. -->","yoast_head_json":{"title":"Indigestion intestinale - Diego Wery","robots":{"index":"index","follow":"follow","max-snippet":"max-snippet:-1","max-image-preview":"max-image-preview:large","max-video-preview":"max-video-preview:-1"},"canonical":"https:\/\/diegowery.be\/index.php\/indigestion-intestinale\/","og_locale":"fr_FR","og_type":"article","og_title":"Indigestion intestinale - Diego Wery","og_description":"2022, huile sur verre et bois taill\u00e9, 70 x 130 x 40 cm Photo de Salim Santa Lucia","og_url":"https:\/\/diegowery.be\/index.php\/indigestion-intestinale\/","og_site_name":"Diego Wery","article_modified_time":"2025-05-19T16:27:04+00:00","twitter_card":"summary_large_image","twitter_misc":{"Dur\u00e9e de lecture estim\u00e9e":"1 minute"},"schema":{"@context":"https:\/\/schema.org","@graph":[{"@type":"WebPage","@id":"https:\/\/diegowery.be\/index.php\/indigestion-intestinale\/","url":"https:\/\/diegowery.be\/index.php\/indigestion-intestinale\/","name":"Indigestion intestinale - Diego Wery","isPartOf":{"@id":"https:\/\/diegowery.be\/#website"},"datePublished":"2025-04-02T10:16:35+00:00","dateModified":"2025-05-19T16:27:04+00:00","breadcrumb":{"@id":"https:\/\/diegowery.be\/index.php\/indigestion-intestinale\/#breadcrumb"},"inLanguage":"fr-FR","potentialAction":[{"@type":"ReadAction","target":["https:\/\/diegowery.be\/index.php\/indigestion-intestinale\/"]}]},{"@type":"BreadcrumbList","@id":"https:\/\/diegowery.be\/index.php\/indigestion-intestinale\/#breadcrumb","itemListElement":[{"@type":"ListItem","position":1,"name":"Accueil","item":"https:\/\/diegowery.be\/"},{"@type":"ListItem","position":2,"name":"Indigestion intestinale"}]},{"@type":"WebSite","@id":"https:\/\/diegowery.be\/#website","url":"https:\/\/diegowery.be\/","name":"Diego Wery","description":"Diego Wery, artiste plasticien","publisher":{"@id":"https:\/\/diegowery.be\/#\/schema\/person\/d3dddb528a96b75f22e27bb91675245d"},"potentialAction":[{"@type":"SearchAction","target":{"@type":"EntryPoint","urlTemplate":"https:\/\/diegowery.be\/?s={search_term_string}"},"query-input":{"@type":"PropertyValueSpecification","valueRequired":true,"valueName":"search_term_string"}}],"inLanguage":"fr-FR"},{"@type":["Person","Organization"],"@id":"https:\/\/diegowery.be\/#\/schema\/person\/d3dddb528a96b75f22e27bb91675245d","name":"diego","image":{"@type":"ImageObject","inLanguage":"fr-FR","@id":"https:\/\/diegowery.be\/#\/schema\/person\/image\/","url":"https:\/\/diegowery.be\/wp-content\/uploads\/2025\/03\/Ado-conc-edited-1.jpg","contentUrl":"https:\/\/diegowery.be\/wp-content\/uploads\/2025\/03\/Ado-conc-edited-1.jpg","width":665,"height":916,"caption":"diego"},"logo":{"@id":"https:\/\/diegowery.be\/#\/schema\/person\/image\/"},"sameAs":["http:\/\/diegowery.be"]}]}},"_links":{"self":[{"href":"https:\/\/diegowery.be\/index.php\/wp-json\/wp\/v2\/pages\/355","targetHints":{"allow":["GET"]}}],"collection":[{"href":"https:\/\/diegowery.be\/index.php\/wp-json\/wp\/v2\/pages"}],"about":[{"href":"https:\/\/diegowery.be\/index.php\/wp-json\/wp\/v2\/types\/page"}],"author":[{"embeddable":true,"href":"https:\/\/diegowery.be\/index.php\/wp-json\/wp\/v2\/users\/1"}],"replies":[{"embeddable":true,"href":"https:\/\/diegowery.be\/index.php\/wp-json\/wp\/v2\/comments?post=355"}],"version-history":[{"count":6,"href":"https:\/\/diegowery.be\/index.php\/wp-json\/wp\/v2\/pages\/355\/revisions"}],"predecessor-version":[{"id":452,"href":"https:\/\/diegowery.be\/index.php\/wp-json\/wp\/v2\/pages\/355\/revisions\/452"}],"wp:attachment":[{"href":"https:\/\/diegowery.be\/index.php\/wp-json\/wp\/v2\/media?parent=355"}],"curies":[{"name":"wp","href":"https:\/\/api.w.org\/{rel}","templated":true}]}}